{"id":3297,"date":"2012-03-24T23:38:56","date_gmt":"2012-03-25T02:38:56","guid":{"rendered":"http:\/\/www.souavaiano.com.br\/v8\/?page_id=3297"},"modified":"2012-03-31T14:43:39","modified_gmt":"2012-03-31T17:43:39","slug":"blogs-avaianos","status":"publish","type":"page","link":"https:\/\/www.souavaiano.com.br\/v8\/geral\/blogs-avaianos\/","title":{"rendered":"Blogs Avaianos"},"content":{"rendered":"<p>&nbsp;<\/p>\n<p>Os blogs avaianos aqui relacionados s\u00e3o parceiros do <strong>SouAvaiano.com.br<\/strong>.<\/p>\n<p><a href=\"http:\/\/andretarnowskyfilho.blogspot.com\/\" target=\"_blank\"><img loading=\"lazy\" decoding=\"async\" class=\"alignleft size-medium wp-image-2220\" title=\"Blog_AndreTarnowsky\" src=\"http:\/\/www.souavaiano.com.br\/v8\/wp-content\/uploads\/2012\/03\/Blog_AndreTarnowsky-300x155.jpg\" alt=\"\" width=\"300\" height=\"155\" srcset=\"https:\/\/www.souavaiano.com.br\/v8\/wp-content\/uploads\/2012\/03\/Blog_AndreTarnowsky-300x155.jpg 300w, https:\/\/www.souavaiano.com.br\/v8\/wp-content\/uploads\/2012\/03\/Blog_AndreTarnowsky-418x215.jpg 418w, https:\/\/www.souavaiano.com.br\/v8\/wp-content\/uploads\/2012\/03\/Blog_AndreTarnowsky.jpg 420w\" sizes=\"auto, (max-width: 300px) 100vw, 300px\" \/><\/a> <a href=\"http:\/\/assisazul.blogspot.com\/\" target=\"_blank\"><img loading=\"lazy\" decoding=\"async\" class=\"alignleft size-medium wp-image-2249\" title=\"Blog_Assis\" src=\"http:\/\/www.souavaiano.com.br\/v8\/wp-content\/uploads\/2012\/03\/Blog_Assis1-300x155.jpg\" alt=\"\" width=\"300\" height=\"155\" srcset=\"https:\/\/www.souavaiano.com.br\/v8\/wp-content\/uploads\/2012\/03\/Blog_Assis1-300x155.jpg 300w, https:\/\/www.souavaiano.com.br\/v8\/wp-content\/uploads\/2012\/03\/Blog_Assis1-418x215.jpg 418w, https:\/\/www.souavaiano.com.br\/v8\/wp-content\/uploads\/2012\/03\/Blog_Assis1.jpg 420w\" sizes=\"auto, (max-width: 300px) 100vw, 300px\" \/><\/a>\u00a0 <a href=\"http:\/\/www.avaixonados.com\/\" target=\"_blank\"><img loading=\"lazy\" decoding=\"async\" class=\"alignleft size-medium wp-image-3298\" title=\"Blog_Avaixonados\" src=\"http:\/\/www.souavaiano.com.br\/v8\/wp-content\/uploads\/2012\/03\/Blog_Avaixonados-300x155.jpg\" alt=\"\" width=\"300\" height=\"155\" srcset=\"https:\/\/www.souavaiano.com.br\/v8\/wp-content\/uploads\/2012\/03\/Blog_Avaixonados-300x155.jpg 300w, https:\/\/www.souavaiano.com.br\/v8\/wp-content\/uploads\/2012\/03\/Blog_Avaixonados-418x215.jpg 418w, https:\/\/www.souavaiano.com.br\/v8\/wp-content\/uploads\/2012\/03\/Blog_Avaixonados.jpg 420w\" sizes=\"auto, (max-width: 300px) 100vw, 300px\" \/><\/a><a href=\"http:\/\/www.devirada.com.br\/\" target=\"_blank\"><img loading=\"lazy\" decoding=\"async\" class=\"alignleft size-medium wp-image-3300\" title=\"Blog_DeVirada\" src=\"http:\/\/www.souavaiano.com.br\/v8\/wp-content\/uploads\/2012\/03\/Blog_DeVirada-300x155.jpg\" alt=\"\" width=\"300\" height=\"155\" srcset=\"https:\/\/www.souavaiano.com.br\/v8\/wp-content\/uploads\/2012\/03\/Blog_DeVirada-300x155.jpg 300w, https:\/\/www.souavaiano.com.br\/v8\/wp-content\/uploads\/2012\/03\/Blog_DeVirada-418x215.jpg 418w, https:\/\/www.souavaiano.com.br\/v8\/wp-content\/uploads\/2012\/03\/Blog_DeVirada.jpg 420w\" sizes=\"auto, (max-width: 300px) 100vw, 300px\" \/><\/a><\/p>\n<p>&nbsp;<\/p>\n<p>&nbsp;<\/p>\n<p>&nbsp;<\/p>\n<p>&nbsp;<\/p>\n<p><a href=\"http:\/\/dnazul.blogspot.com.br\" target=\"_blank\"><img loading=\"lazy\" decoding=\"async\" class=\"alignleft size-medium wp-image-2252\" title=\"Blog_DNAzul\" src=\"http:\/\/www.souavaiano.com.br\/v8\/wp-content\/uploads\/2012\/03\/Blog_DNAzul-300x155.jpg\" alt=\"\" width=\"300\" height=\"155\" srcset=\"https:\/\/www.souavaiano.com.br\/v8\/wp-content\/uploads\/2012\/03\/Blog_DNAzul-300x155.jpg 300w, https:\/\/www.souavaiano.com.br\/v8\/wp-content\/uploads\/2012\/03\/Blog_DNAzul-418x215.jpg 418w, https:\/\/www.souavaiano.com.br\/v8\/wp-content\/uploads\/2012\/03\/Blog_DNAzul.jpg 420w\" sizes=\"auto, (max-width: 300px) 100vw, 300px\" \/><\/a><a href=\"http:\/\/www.eliteazulebranca.com.br\/\" target=\"_blank\"><img loading=\"lazy\" decoding=\"async\" class=\"alignleft size-medium wp-image-2239\" title=\"Blog_EliteAzulEBranca\" src=\"http:\/\/www.souavaiano.com.br\/v8\/wp-content\/uploads\/2012\/03\/Blog_EliteAzulEBranca-300x155.jpg\" alt=\"\" width=\"300\" height=\"155\" srcset=\"https:\/\/www.souavaiano.com.br\/v8\/wp-content\/uploads\/2012\/03\/Blog_EliteAzulEBranca-300x155.jpg 300w, https:\/\/www.souavaiano.com.br\/v8\/wp-content\/uploads\/2012\/03\/Blog_EliteAzulEBranca-418x215.jpg 418w, https:\/\/www.souavaiano.com.br\/v8\/wp-content\/uploads\/2012\/03\/Blog_EliteAzulEBranca.jpg 420w\" sizes=\"auto, (max-width: 300px) 100vw, 300px\" \/><\/a><a href=\"http:\/\/www.globoesporte.com\/estevesjunior\" target=\"_blank\"><img loading=\"lazy\" decoding=\"async\" class=\"alignleft size-medium wp-image-3286\" title=\"Blog_EstevesJunior\" src=\"http:\/\/www.souavaiano.com.br\/v8\/wp-content\/uploads\/2012\/03\/Blog_EstevesJunior-300x155.jpg\" alt=\"\" width=\"300\" height=\"155\" srcset=\"https:\/\/www.souavaiano.com.br\/v8\/wp-content\/uploads\/2012\/03\/Blog_EstevesJunior-300x155.jpg 300w, https:\/\/www.souavaiano.com.br\/v8\/wp-content\/uploads\/2012\/03\/Blog_EstevesJunior-418x215.jpg 418w, https:\/\/www.souavaiano.com.br\/v8\/wp-content\/uploads\/2012\/03\/Blog_EstevesJunior.jpg 420w\" sizes=\"auto, (max-width: 300px) 100vw, 300px\" \/><\/a><\/p>\n<p>&nbsp;<\/p>\n<p>&nbsp;<\/p>\n<p>&nbsp;<\/p>\n<p>&nbsp;<\/p>\n<p><a href=\"http:\/\/blogmemoriaavaiana.blogspot.com.br\/\" target=\"_blank\"><img loading=\"lazy\" decoding=\"async\" class=\"alignleft size-medium wp-image-3306\" title=\"Blog_MemoriaAvaiana\" src=\"http:\/\/www.souavaiano.com.br\/v8\/wp-content\/uploads\/2012\/03\/Blog_MemoriaAvaiana-300x155.jpg\" alt=\"\" width=\"300\" height=\"155\" srcset=\"https:\/\/www.souavaiano.com.br\/v8\/wp-content\/uploads\/2012\/03\/Blog_MemoriaAvaiana-300x155.jpg 300w, https:\/\/www.souavaiano.com.br\/v8\/wp-content\/uploads\/2012\/03\/Blog_MemoriaAvaiana-418x215.jpg 418w, https:\/\/www.souavaiano.com.br\/v8\/wp-content\/uploads\/2012\/03\/Blog_MemoriaAvaiana.jpg 420w\" sizes=\"auto, (max-width: 300px) 100vw, 300px\" \/><\/a><\/p>\n<p>&nbsp;<\/p>\n<p>&nbsp;<\/p>\n<p>&nbsp;<\/p>\n<p>&nbsp;<\/p>\n<p><a title=\"O Meu Ava\u00ed\" href=\"http:\/\/omeuavai.blogspot.com.br\/\" target=\"_blank\"><img loading=\"lazy\" decoding=\"async\" class=\"alignleft size-medium wp-image-2228\" title=\"Blog_OMeuAvai\" src=\"http:\/\/www.souavaiano.com.br\/v8\/wp-content\/uploads\/2012\/03\/Blog_OMeuAvai1-300x155.jpg\" alt=\"\" width=\"300\" height=\"155\" srcset=\"https:\/\/www.souavaiano.com.br\/v8\/wp-content\/uploads\/2012\/03\/Blog_OMeuAvai1-300x155.jpg 300w, https:\/\/www.souavaiano.com.br\/v8\/wp-content\/uploads\/2012\/03\/Blog_OMeuAvai1-418x215.jpg 418w, https:\/\/www.souavaiano.com.br\/v8\/wp-content\/uploads\/2012\/03\/Blog_OMeuAvai1.jpg 420w\" sizes=\"auto, (max-width: 300px) 100vw, 300px\" \/><\/a><br \/>\n&nbsp;<\/p>\n<p>&nbsp;<\/p>\n<p>&nbsp;<\/p>\n<p>&nbsp;<\/p>\n<p>&nbsp;<\/p>\n<p>&nbsp;<\/p>\n<p>&nbsp;<\/p>\n<p>Se voc\u00ea tem um blog que cont\u00e9m um link para o <strong>SouAvaiano.com.br<\/strong> e n\u00e3o aparece na lista acima, favor enviar um email para contato@souavaiano.com.br.<\/p>\n","protected":false},"excerpt":{"rendered":"<p>&nbsp; Os blogs avaianos aqui relacionados s\u00e3o parceiros do SouAvaiano.com.br. \u00a0 &nbsp; &nbsp; &nbsp; &nbsp; &nbsp; &nbsp; &nbsp; &nbsp; &nbsp; &nbsp; &nbsp; &nbsp; &nbsp; &nbsp; &nbsp; &nbsp; &nbsp; &nbsp; &nbsp; Se voc\u00ea tem um blog que cont\u00e9m um link para o SouAvaiano.com.br e n\u00e3o aparece na lista acima, favor enviar um email para contato@souavaiano.com.br.<\/p>\n","protected":false},"author":1,"featured_media":0,"parent":3181,"menu_order":1,"comment_status":"open","ping_status":"open","template":"","meta":{"footnotes":""},"class_list":["post-3297","page","type-page","status-publish","hentry"],"_links":{"self":[{"href":"https:\/\/www.souavaiano.com.br\/v8\/wp-json\/wp\/v2\/pages\/3297","targetHints":{"allow":["GET"]}}],"collection":[{"href":"https:\/\/www.souavaiano.com.br\/v8\/wp-json\/wp\/v2\/pages"}],"about":[{"href":"https:\/\/www.souavaiano.com.br\/v8\/wp-json\/wp\/v2\/types\/page"}],"author":[{"embeddable":true,"href":"https:\/\/www.souavaiano.com.br\/v8\/wp-json\/wp\/v2\/users\/1"}],"replies":[{"embeddable":true,"href":"https:\/\/www.souavaiano.com.br\/v8\/wp-json\/wp\/v2\/comments?post=3297"}],"version-history":[{"count":9,"href":"https:\/\/www.souavaiano.com.br\/v8\/wp-json\/wp\/v2\/pages\/3297\/revisions"}],"predecessor-version":[{"id":3305,"href":"https:\/\/www.souavaiano.com.br\/v8\/wp-json\/wp\/v2\/pages\/3297\/revisions\/3305"}],"up":[{"embeddable":true,"href":"https:\/\/www.souavaiano.com.br\/v8\/wp-json\/wp\/v2\/pages\/3181"}],"wp:attachment":[{"href":"https:\/\/www.souavaiano.com.br\/v8\/wp-json\/wp\/v2\/media?parent=3297"}],"curies":[{"name":"wp","href":"https:\/\/api.w.org\/{rel}","templated":true}]}}