{"id":3211,"date":"2012-03-24T17:03:43","date_gmt":"2012-03-24T20:03:43","guid":{"rendered":"http:\/\/www.souavaiano.com.br\/v8\/?page_id=3211"},"modified":"2012-03-24T17:03:43","modified_gmt":"2012-03-24T20:03:43","slug":"projetos-sociais","status":"publish","type":"page","link":"https:\/\/www.souavaiano.com.br\/v8\/avai-f-c\/projetos-sociais\/","title":{"rendered":"Projetos Sociais"},"content":{"rendered":"<p>&nbsp;<\/p>\n<p><strong>Ava\u00ed Social<\/strong><br \/>\nClube apoia projetos sociais e recebe milhares de crian\u00e7as de todo o estado de Santa Catarina<\/p>\n<p>O Ava\u00ed n\u00e3o \u00e9 s\u00f3 futebol. Al\u00e9m do futebol e dos esportes ol\u00edmpicos, o clube tamb\u00e9m atua na \u00e1rea social, recebendo todos os anos milhares de crian\u00e7as de escolas p\u00fablicas e particulares.<\/p>\n<p>Com o projeto Paz e Harmonia no Futebol, a diretora de A\u00e7\u00e3o Social, Comunit\u00e1ria e de Filantropia, Nesi Brina Furlani, oportuniza para os jovens e adolescentes alguns momentos de muita alegria e descontra\u00e7\u00e3o.<\/p>\n<p>Idealizado e mantido financeiramente pela ASSTA, \u2013 Associa\u00e7\u00e3o Social e Cultural dos Torcedores do Ava\u00ed -, o projeto \u00e9 executado pelo clube, que distribui por ano milhares de Kits Escolares (estojo com r\u00e9gua, caneta, l\u00e1pis, apontador e borracha), camisetas do projeto e lanches (sandu\u00edche e achocolatado).<\/p>\n<p>Durante a visita, as crian\u00e7as conhecem as depend\u00eancias do est\u00e1dio da Ressacada, passeando pelas arquibancadas, \u00e1reas sociais, camarotes, \u00e1reas Vips, vesti\u00e1rios e pelo Memorial dos Atletas.<\/p>\n<p>Os col\u00e9gios que desejam participar do projeto Paz e Harmonia no Futebol devem entrar em contato com a Dona Nesi atrav\u00e9s do email social@avai.com.br, informando o nome do col\u00e9gio, a localidade, a quantidade de alunos e a data sugerida para a visita.<\/p>\n<p>Reportagem e fotos: Alceu Atherino<\/p>\n<p><img loading=\"lazy\" decoding=\"async\" class=\"aligncenter size-full wp-image-3215\" title=\"Avai_Visita-Escolinha-de-Futebol-de-Bigua\u00e7u-25032011-FOTO-01-Alceu-Atherino\" src=\"http:\/\/www.souavaiano.com.br\/v8\/wp-content\/uploads\/2012\/03\/Avai_Visita-Escolinha-de-Futebol-de-Bigua\u00e7u-25032011-FOTO-01-Alceu-Atherino.jpg\" alt=\"\" width=\"645\" height=\"484\" srcset=\"https:\/\/www.souavaiano.com.br\/v8\/wp-content\/uploads\/2012\/03\/Avai_Visita-Escolinha-de-Futebol-de-Bigua\u00e7u-25032011-FOTO-01-Alceu-Atherino.jpg 645w, https:\/\/www.souavaiano.com.br\/v8\/wp-content\/uploads\/2012\/03\/Avai_Visita-Escolinha-de-Futebol-de-Bigua\u00e7u-25032011-FOTO-01-Alceu-Atherino-300x225.jpg 300w\" sizes=\"auto, (max-width: 645px) 100vw, 645px\" \/><\/p>\n<p>&nbsp;<\/p>\n<p><img loading=\"lazy\" decoding=\"async\" class=\"aligncenter size-full wp-image-3216\" title=\"Avai_Visita-Escolinha-de-Futebol-de-Bigua\u00e7u-25032011-FOTO-02-Alceu-Atherino\" src=\"http:\/\/www.souavaiano.com.br\/v8\/wp-content\/uploads\/2012\/03\/Avai_Visita-Escolinha-de-Futebol-de-Bigua\u00e7u-25032011-FOTO-02-Alceu-Atherino.jpg\" alt=\"\" width=\"645\" height=\"484\" srcset=\"https:\/\/www.souavaiano.com.br\/v8\/wp-content\/uploads\/2012\/03\/Avai_Visita-Escolinha-de-Futebol-de-Bigua\u00e7u-25032011-FOTO-02-Alceu-Atherino.jpg 645w, https:\/\/www.souavaiano.com.br\/v8\/wp-content\/uploads\/2012\/03\/Avai_Visita-Escolinha-de-Futebol-de-Bigua\u00e7u-25032011-FOTO-02-Alceu-Atherino-300x225.jpg 300w\" sizes=\"auto, (max-width: 645px) 100vw, 645px\" \/><\/p>\n<p>&nbsp;<\/p>\n<p><img loading=\"lazy\" decoding=\"async\" class=\"aligncenter size-full wp-image-3217\" title=\"Avai_Visita-Escolinha-de-Futebol-de-Bigua\u00e7u-25032011-FOTO-03-Alceu-Atherino\" src=\"http:\/\/www.souavaiano.com.br\/v8\/wp-content\/uploads\/2012\/03\/Avai_Visita-Escolinha-de-Futebol-de-Bigua\u00e7u-25032011-FOTO-03-Alceu-Atherino.jpg\" alt=\"\" width=\"645\" height=\"484\" srcset=\"https:\/\/www.souavaiano.com.br\/v8\/wp-content\/uploads\/2012\/03\/Avai_Visita-Escolinha-de-Futebol-de-Bigua\u00e7u-25032011-FOTO-03-Alceu-Atherino.jpg 645w, https:\/\/www.souavaiano.com.br\/v8\/wp-content\/uploads\/2012\/03\/Avai_Visita-Escolinha-de-Futebol-de-Bigua\u00e7u-25032011-FOTO-03-Alceu-Atherino-300x225.jpg 300w\" sizes=\"auto, (max-width: 645px) 100vw, 645px\" \/><\/p>\n<p>&nbsp;<\/p>\n<p><span style=\"color: #888888;\">Fonte: www.avai.com.br<\/span><\/p>\n","protected":false},"excerpt":{"rendered":"<p>&nbsp; Ava\u00ed Social Clube apoia projetos sociais e recebe milhares de crian\u00e7as de todo o estado de Santa Catarina O Ava\u00ed n\u00e3o \u00e9 s\u00f3 futebol. Al\u00e9m do futebol e dos esportes ol\u00edmpicos, o clube tamb\u00e9m atua na \u00e1rea social, recebendo todos os anos milhares de crian\u00e7as de escolas p\u00fablicas e particulares. Com o projeto Paz [&hellip;]<\/p>\n","protected":false},"author":1,"featured_media":0,"parent":2822,"menu_order":8,"comment_status":"open","ping_status":"open","template":"","meta":{"footnotes":""},"class_list":["post-3211","page","type-page","status-publish","hentry"],"_links":{"self":[{"href":"https:\/\/www.souavaiano.com.br\/v8\/wp-json\/wp\/v2\/pages\/3211","targetHints":{"allow":["GET"]}}],"collection":[{"href":"https:\/\/www.souavaiano.com.br\/v8\/wp-json\/wp\/v2\/pages"}],"about":[{"href":"https:\/\/www.souavaiano.com.br\/v8\/wp-json\/wp\/v2\/types\/page"}],"author":[{"embeddable":true,"href":"https:\/\/www.souavaiano.com.br\/v8\/wp-json\/wp\/v2\/users\/1"}],"replies":[{"embeddable":true,"href":"https:\/\/www.souavaiano.com.br\/v8\/wp-json\/wp\/v2\/comments?post=3211"}],"version-history":[{"count":2,"href":"https:\/\/www.souavaiano.com.br\/v8\/wp-json\/wp\/v2\/pages\/3211\/revisions"}],"predecessor-version":[{"id":3220,"href":"https:\/\/www.souavaiano.com.br\/v8\/wp-json\/wp\/v2\/pages\/3211\/revisions\/3220"}],"up":[{"embeddable":true,"href":"https:\/\/www.souavaiano.com.br\/v8\/wp-json\/wp\/v2\/pages\/2822"}],"wp:attachment":[{"href":"https:\/\/www.souavaiano.com.br\/v8\/wp-json\/wp\/v2\/media?parent=3211"}],"curies":[{"name":"wp","href":"https:\/\/api.w.org\/{rel}","templated":true}]}}