{"id":3207,"date":"2012-03-24T15:02:58","date_gmt":"2012-03-24T18:02:58","guid":{"rendered":"http:\/\/www.souavaiano.com.br\/v8\/?page_id=3207"},"modified":"2012-03-24T15:02:58","modified_gmt":"2012-03-24T18:02:58","slug":"idolos","status":"publish","type":"page","link":"https:\/\/www.souavaiano.com.br\/v8\/memoria-avaiana\/idolos\/","title":{"rendered":"\u00cddolos"},"content":{"rendered":"<p>&nbsp;<\/p>\n<p>Certamente voc\u00ea tem gravado na mem\u00f3ria o nome de alguns craques que passaram pelo Ava\u00ed e que acabaram se tornando \u00eddolos da na\u00e7\u00e3o avaiana.<\/p>\n<p>Em 1998 foi realizada uma pesquisa para escalar uma sele\u00e7\u00e3o com os melhores jogadores do Ava\u00ed de todos os tempos. Participaram da pesquisa, torcedores, jornalistas e ex-atletas do clube.<\/p>\n<p>A Sele\u00e7\u00e3o de todos os tempos foi composta pelos seguintes \u00eddolos:<\/p>\n<p><strong>Goleiro<\/strong><br \/>\nAdolfinho<\/p>\n<p><strong>Defesa<\/strong><br \/>\nLol\u00f3, Fateco, Veneza e Proc\u00f3pio<\/p>\n<p><strong>Meio campo<\/strong><br \/>\nZenon, Beck, Br\u00e1ulio e Felipinho<\/p>\n<p><strong>Ataque<\/strong><br \/>\nSaul e Nizeta<\/p>\n<p>Al\u00e9m dos jogadores que fazem parte da \u201cSele\u00e7\u00e3o de todos os tempos\u201d, os torcedores do Ava\u00ed t\u00eam como \u00eddolos:<\/p>\n<p><strong>Goleiros<\/strong><br \/>\nC\u00e9sar Silva, Jorge Fossati e Eduardo Martini<\/p>\n<p><strong>Defensores<\/strong><br \/>\nDeodato, Lol\u00f3 e \u00c9merson<\/p>\n<p><strong>Meio-campistas<\/strong><br \/>\nBalduino, Beck, Belmonte, Zenon, Adilson Heleno e Marquinhos Santos<\/p>\n<p><strong>Atacantes<\/strong><br \/>\nCavallazzi, D\u00e9cio Ant\u00f4nio, Evando, Juti, Toninho Quintino e Saul Oliveira<\/p>\n<p><span style=\"color: #888888;\">Fonte: www.avai.com.br<\/span><\/p>\n","protected":false},"excerpt":{"rendered":"<p>&nbsp; Certamente voc\u00ea tem gravado na mem\u00f3ria o nome de alguns craques que passaram pelo Ava\u00ed e que acabaram se tornando \u00eddolos da na\u00e7\u00e3o avaiana. Em 1998 foi realizada uma pesquisa para escalar uma sele\u00e7\u00e3o com os melhores jogadores do Ava\u00ed de todos os tempos. Participaram da pesquisa, torcedores, jornalistas e ex-atletas do clube. A [&hellip;]<\/p>\n","protected":false},"author":1,"featured_media":0,"parent":3058,"menu_order":4,"comment_status":"open","ping_status":"open","template":"","meta":{"footnotes":""},"class_list":["post-3207","page","type-page","status-publish","hentry"],"_links":{"self":[{"href":"https:\/\/www.souavaiano.com.br\/v8\/wp-json\/wp\/v2\/pages\/3207","targetHints":{"allow":["GET"]}}],"collection":[{"href":"https:\/\/www.souavaiano.com.br\/v8\/wp-json\/wp\/v2\/pages"}],"about":[{"href":"https:\/\/www.souavaiano.com.br\/v8\/wp-json\/wp\/v2\/types\/page"}],"author":[{"embeddable":true,"href":"https:\/\/www.souavaiano.com.br\/v8\/wp-json\/wp\/v2\/users\/1"}],"replies":[{"embeddable":true,"href":"https:\/\/www.souavaiano.com.br\/v8\/wp-json\/wp\/v2\/comments?post=3207"}],"version-history":[{"count":1,"href":"https:\/\/www.souavaiano.com.br\/v8\/wp-json\/wp\/v2\/pages\/3207\/revisions"}],"predecessor-version":[{"id":3208,"href":"https:\/\/www.souavaiano.com.br\/v8\/wp-json\/wp\/v2\/pages\/3207\/revisions\/3208"}],"up":[{"embeddable":true,"href":"https:\/\/www.souavaiano.com.br\/v8\/wp-json\/wp\/v2\/pages\/3058"}],"wp:attachment":[{"href":"https:\/\/www.souavaiano.com.br\/v8\/wp-json\/wp\/v2\/media?parent=3207"}],"curies":[{"name":"wp","href":"https:\/\/api.w.org\/{rel}","templated":true}]}}