{"id":3193,"date":"2012-03-24T14:42:16","date_gmt":"2012-03-24T17:42:16","guid":{"rendered":"http:\/\/www.souavaiano.com.br\/v8\/?page_id=3193"},"modified":"2012-03-24T14:42:16","modified_gmt":"2012-03-24T17:42:16","slug":"equipes","status":"publish","type":"page","link":"https:\/\/www.souavaiano.com.br\/v8\/avai-f-c\/cfa\/equipes\/","title":{"rendered":"Equipes"},"content":{"rendered":"<p>&nbsp;<\/p>\n<p><strong><\/strong>Para que esses atletas usufruam da estrutura completa do CFA, eles precisam mostrar esfor\u00e7o e dedica\u00e7\u00e3o: al\u00e9m do talento, todos os jogadores devem estudar e frequentar a escola.<\/p>\n<p>Hoje, aproximadamente 50 garotos est\u00e3o hospedados nos alojamentos anexos a Ressacada.<\/p>\n<p>O Le\u00e3o da Ilha mant\u00e9m duas categorias de forma\u00e7\u00e3o: Sub-17 (garotos at\u00e9 17 anos) e Sub-20 (garotos at\u00e9 20 anos).<\/p>\n<p><span style=\"color: #888888;\">Fonte: www.avai.com.br<\/span><\/p>\n","protected":false},"excerpt":{"rendered":"<p>&nbsp; Para que esses atletas usufruam da estrutura completa do CFA, eles precisam mostrar esfor\u00e7o e dedica\u00e7\u00e3o: al\u00e9m do talento, todos os jogadores devem estudar e frequentar a escola. Hoje, aproximadamente 50 garotos est\u00e3o hospedados nos alojamentos anexos a Ressacada. O Le\u00e3o da Ilha mant\u00e9m duas categorias de forma\u00e7\u00e3o: Sub-17 (garotos at\u00e9 17 anos) e [&hellip;]<\/p>\n","protected":false},"author":1,"featured_media":0,"parent":3186,"menu_order":3,"comment_status":"open","ping_status":"open","template":"","meta":{"footnotes":""},"class_list":["post-3193","page","type-page","status-publish","hentry"],"_links":{"self":[{"href":"https:\/\/www.souavaiano.com.br\/v8\/wp-json\/wp\/v2\/pages\/3193","targetHints":{"allow":["GET"]}}],"collection":[{"href":"https:\/\/www.souavaiano.com.br\/v8\/wp-json\/wp\/v2\/pages"}],"about":[{"href":"https:\/\/www.souavaiano.com.br\/v8\/wp-json\/wp\/v2\/types\/page"}],"author":[{"embeddable":true,"href":"https:\/\/www.souavaiano.com.br\/v8\/wp-json\/wp\/v2\/users\/1"}],"replies":[{"embeddable":true,"href":"https:\/\/www.souavaiano.com.br\/v8\/wp-json\/wp\/v2\/comments?post=3193"}],"version-history":[{"count":1,"href":"https:\/\/www.souavaiano.com.br\/v8\/wp-json\/wp\/v2\/pages\/3193\/revisions"}],"predecessor-version":[{"id":3194,"href":"https:\/\/www.souavaiano.com.br\/v8\/wp-json\/wp\/v2\/pages\/3193\/revisions\/3194"}],"up":[{"embeddable":true,"href":"https:\/\/www.souavaiano.com.br\/v8\/wp-json\/wp\/v2\/pages\/3186"}],"wp:attachment":[{"href":"https:\/\/www.souavaiano.com.br\/v8\/wp-json\/wp\/v2\/media?parent=3193"}],"curies":[{"name":"wp","href":"https:\/\/api.w.org\/{rel}","templated":true}]}}