{"id":3190,"date":"2012-03-24T14:41:22","date_gmt":"2012-03-24T17:41:22","guid":{"rendered":"http:\/\/www.souavaiano.com.br\/v8\/?page_id=3190"},"modified":"2012-03-24T14:41:22","modified_gmt":"2012-03-24T17:41:22","slug":"estrutura","status":"publish","type":"page","link":"https:\/\/www.souavaiano.com.br\/v8\/avai-f-c\/cfa\/estrutura\/","title":{"rendered":"Estrutura"},"content":{"rendered":"<p>&nbsp;<\/p>\n<p><strong><\/strong>E para que a iniciativa de formar talentos seja poss\u00edvel, nosso clube conta com um moderno e equipado espa\u00e7o, al\u00e9m do apoio de profissionais (t\u00e9cnicos, preparadores f\u00edsicos, massagistas, fisioterapeutas e outros):<\/p>\n<p>. 4 campos com medidas oficiais<br \/>\n. Academia de muscula\u00e7\u00e3o<br \/>\n. Restaurante interno<br \/>\n. Alojamento<br \/>\n. Assist\u00eancia m\u00e9dica e psicol\u00f3gica<br \/>\n. Fisioterapia<\/p>\n<p><span style=\"color: #888888;\">Fonte: www.avai.com.br<\/span><\/p>\n","protected":false},"excerpt":{"rendered":"<p>&nbsp; E para que a iniciativa de formar talentos seja poss\u00edvel, nosso clube conta com um moderno e equipado espa\u00e7o, al\u00e9m do apoio de profissionais (t\u00e9cnicos, preparadores f\u00edsicos, massagistas, fisioterapeutas e outros): . 4 campos com medidas oficiais . Academia de muscula\u00e7\u00e3o . Restaurante interno . Alojamento . Assist\u00eancia m\u00e9dica e psicol\u00f3gica . Fisioterapia Fonte: [&hellip;]<\/p>\n","protected":false},"author":1,"featured_media":0,"parent":3186,"menu_order":2,"comment_status":"open","ping_status":"open","template":"","meta":{"footnotes":""},"class_list":["post-3190","page","type-page","status-publish","hentry"],"_links":{"self":[{"href":"https:\/\/www.souavaiano.com.br\/v8\/wp-json\/wp\/v2\/pages\/3190","targetHints":{"allow":["GET"]}}],"collection":[{"href":"https:\/\/www.souavaiano.com.br\/v8\/wp-json\/wp\/v2\/pages"}],"about":[{"href":"https:\/\/www.souavaiano.com.br\/v8\/wp-json\/wp\/v2\/types\/page"}],"author":[{"embeddable":true,"href":"https:\/\/www.souavaiano.com.br\/v8\/wp-json\/wp\/v2\/users\/1"}],"replies":[{"embeddable":true,"href":"https:\/\/www.souavaiano.com.br\/v8\/wp-json\/wp\/v2\/comments?post=3190"}],"version-history":[{"count":2,"href":"https:\/\/www.souavaiano.com.br\/v8\/wp-json\/wp\/v2\/pages\/3190\/revisions"}],"predecessor-version":[{"id":3192,"href":"https:\/\/www.souavaiano.com.br\/v8\/wp-json\/wp\/v2\/pages\/3190\/revisions\/3192"}],"up":[{"embeddable":true,"href":"https:\/\/www.souavaiano.com.br\/v8\/wp-json\/wp\/v2\/pages\/3186"}],"wp:attachment":[{"href":"https:\/\/www.souavaiano.com.br\/v8\/wp-json\/wp\/v2\/media?parent=3190"}],"curies":[{"name":"wp","href":"https:\/\/api.w.org\/{rel}","templated":true}]}}