{"id":3092,"date":"2012-03-24T02:34:21","date_gmt":"2012-03-24T05:34:21","guid":{"rendered":"http:\/\/www.souavaiano.com.br\/v8\/?page_id=3092"},"modified":"2012-03-24T02:34:21","modified_gmt":"2012-03-24T05:34:21","slug":"folclore-avaiano","status":"publish","type":"page","link":"https:\/\/www.souavaiano.com.br\/v8\/memoria-avaiana\/folclore-avaiano\/","title":{"rendered":"Folclore Avaiano"},"content":{"rendered":"<p>&nbsp;<\/p>\n<p align=\"center\"><span><strong>FOLCLORE AVAIANO<\/strong><\/span><\/p>\n<div align=\"justify\"><\/div>\n<p align=\"justify\">Era dia de cl\u00e1ssico no Adolfo Konder. Encostado no muro, o goleiro Rub\u00e3o conversava com um amigo. Olhos atentos no movimento do p\u00fablico, ele comentou : &#8220;Poxa, quanto mais gente entra, mais cheio fica&#8221;.<\/p>\n<hr noshade=\"noshade\" \/>\n<p align=\"justify\">Foi uma das primeiras viagens do Ava\u00ed no campeonato brasileiro de 1974. O time chegou no aeroporto e foi de \u00f4nibus at\u00e9 o hotel do centro da cidade. Na porta, alguns curiosos.<\/p>\n<p align=\"justify\">O \u00f4nibus estacionou e os jogadores foram desembarcando. Desceram Zenon, Veneza e Orivaldo. De repente, aparece Baldu\u00edno. Um dos curiosos comentou com o amigo do lado : &#8220;Time bom, trouxe at\u00e9 mascote&#8221;.<\/p>\n<p align=\"justify\">Os outros craques avaianos foram descendo do \u00f4nibus. Almir, Toninho, Jo\u00e3o Carlos e Lourival. S\u00e3o cumprimentados e d\u00e3o aut\u00f3grafos para as crian\u00e7as. Mas todos prestaram aten\u00e7\u00e3o quando apareceu na porta do \u00f4nibus, de \u00f3culos escuros e com um bonezinho, o goleiro Rub\u00e3o. Um largo sorriso e uma alegria contagiante. O curioso olhou e voltou a comentar com o amigo : &#8220;O time \u00e9 bom mesmo, Al\u00e9m do mascote, trouxe tamb\u00e9m o cozinheiro&#8221;.<\/p>\n<hr \/>\n<p align=\"justify\">Foi num cl\u00e1ssico em 1973, na disputa de uma vaga para o campeonato brasileiro.<\/p>\n<p align=\"justify\">O Figueirense vencia o jogo por 2 x 1 , quando a bola foi lan\u00e7ada para Nestor, atacante alvinegro. Ele invadiu a \u00e1rea, driblou o goleiro e ia marcar o gol, quando de repente o massagista Afonso saiu desesperado e correu para a meta. Fez a tradicional pose de goleiro, abrindo os bra\u00e7os e esperou o chute. Surpreso, Neilor tocou fraco na bola, mas Afonso falhou! Era o terceiro gol e o massagista avaiano ainda acabou expulso.<\/p>\n<p align=\"justify\">No vesti\u00e1rio, a tristeza dupla : pela derrota e pelo frango.<\/p>\n<hr \/>\n<p align=\"justify\">Jo\u00e3o Salum , presidente do Ava\u00ed, contrata o t\u00e9cnico Jorge Ferreira, que havia sido campe\u00e3o pelo Figueirense. &#8220;Senhor Presidente:\u00a0 juro solenemente que, se eu n\u00e3o der o t\u00edtulo ao Ava\u00ed, rasgo meu diploma&#8221;, prometeu. E Salum emendou : &#8220;Pelo dinheiro que estou te pagando, se voc\u00ea n\u00e3o der o campeonato, quem vai rasgar o teu diploma sou eu&#8221;.<\/p>\n<hr \/>\n<p align=\"justify\">Rub\u00e3o tinha o h\u00e1bito de levar tudo dos avi\u00f5es. Copos, talheres, sabonetes, \u00e1gua de col\u00f4nia, tudo.<\/p>\n<p align=\"justify\">Certo dia, viu debaixo de uma poltrona um pacote e pensou que era um cobertor. Era um bote salva-vidas, que a um pux\u00e3o mais forte inflou. Rub\u00e3o assustou-se quando o bote foi inchando. Enfiou-lhe um alfinete, espalhando uma camada grossa de p\u00f3 branco, que o cobriu por inteiro como se fosse um boneco de neve.<\/p>\n<p align=\"justify\">De p\u00e9 no corredor, depois da bronca de uma aeromo\u00e7a, berrava : &#8220;o primeiro que rir vai entrar no pau&#8221;.<\/p>\n<hr \/>\n<p align=\"justify\">Fio, folcl\u00f3rico jogador carioca do Flamengo, foi convidado a jogar no Ava\u00ed. Ao primeiro amigo que encontrou confidenciou : &#8220;sabia que um dia eu chegaria l\u00e1&#8221;. &#8220;N\u00e3o entendi&#8221;, respondeu o amigo.<\/p>\n<p align=\"justify\">&#8220;\u00c9 que eu vou jogar no exterior. J\u00e1 estou comprando at\u00e9 uma prancha. Afinal, n\u00e3o \u00e9 qualquer um que vai para o Ava\u00ed&#8221;. At\u00e9 descobrir que o Ava\u00ed nada tinha a ver com o Hava\u00ed, a decep\u00e7\u00e3o foi grande.<\/p>\n<hr \/>\n<p align=\"justify\">Jo\u00e3o Caetano jogava mal e n\u00e3o estava bem fisicamente, mesmo assim o Ava\u00ed vencia o jogo. O t\u00e9cnico Saul Oliveira, preocupado com a rea\u00e7\u00e3o do advers\u00e1rio, mandou o massagista saber como ele estava. &#8220;Caetano, como \u00e9 que est\u00e1?&#8221; &#8220;Um a zero para n\u00f3s&#8221;, respondeu o folcl\u00f3rico Caeta.<\/p>\n<p align=\"justify\">O Ava\u00ed se preparava para treinar. Saul Oliveira, o t\u00e9cnico, \u00e9 avisado que tem um negr\u00e3o alto, forte e que joga muito, querendo uma chance. Era Moenda, que mais tarde fez hist\u00f3ria no futebol catarinense. Saul chama-o e pergunta : &#8220;Jogas de qu\u00ea?&#8221;<\/p>\n<p align=\"justify\">&#8220;De t\u00eanis, kichute, descal\u00e7o, menos de chuteira&#8221;.<\/p>\n<hr \/>\n<p>Na capital do estado, dia 10 de agosto de 1979, torcedores do Ava\u00ed e do Figueirense se desentenderam e fazem sumir, numa manh\u00e3 de domingo, uma das traves do est\u00e1dio Adolfo Konder, em dia de cl\u00e1ssico. \u00c0s pressas, uma outra foi providenciada e o jogo aconteceu sob muita press\u00e3o.<\/p>\n<hr \/>\n<p align=\"justify\">O Ava\u00ed se preparava para excursionar pelas Am\u00e9ricas e Fernando Linhares foi at\u00e9 a Rua Bocai\u00fava para registrar a sa\u00edda da delega\u00e7\u00e3o, entrevistando os atletas avaianos que estavam de sa\u00edda para o aeroporto. Um dos entrevistados foi Maneca, zagueiro de fibra, grande lutador na defesa avaiana.<\/p>\n<p align=\"justify\">&#8220;E a\u00ed Maneca, como \u00e9 que voc\u00ea est\u00e1 vendo essa excurs\u00e3o do Ava\u00ed? \u00c9 uma boa?&#8221;<\/p>\n<p align=\"justify\">&#8220;Ouvintes da r\u00e1dio Guaruj\u00e1, boa tarde. Bem; Fernando, eu acho uma boa, vamos ganhar muita experi\u00eancia e bons bichos&#8221;.<\/p>\n<p align=\"justify\">O Ava\u00ed viajou e, no retorno do pessoal durante o carnaval, obviamente que a maioria embevecida com o sucesso da excurs\u00e3o, Maneca foi novamente entrevistado:<\/p>\n<p align=\"justify\">&#8220;E a\u00ed Maneca, gostou da excurs\u00e3o?&#8221;<\/p>\n<p align=\"justify\">&#8220;Ouvintes da r\u00e1dio&#8230; ouvintes da r\u00e1dio&#8230; caro rep\u00f3rter&#8230;caro rep\u00f3rter&#8230;, como \u00e9 mesmo o nome?&#8221;<\/p>\n<hr \/>\n<p align=\"justify\">O Ava\u00ed tinha um ponteiro de sobrenome Duarte. N\u00e3o era um craque, mas estava sempre em busca do gol, tentando ajudar seus companheiros. Duarte por\u00e9m tinha um apelido : CUDUM.<\/p>\n<p align=\"justify\">Os locutores tinham todo o cuidado para n\u00e3o serem tra\u00eddos, dando sempre nas escala\u00e7\u00f5es e ao longo das transmiss\u00f5es, o sobrenome Duarte.<\/p>\n<p align=\"justify\">Num belo dia n\u00e3o teve jeito : lan\u00e7aram uma bola em profundidade para o centroavante avaiano, que procurou abrir na ponta para o Duarte. O locutor l\u00e1 de cima da cabine soltou a p\u00e9rola:<\/p>\n<p align=\"justify\">&#8220;E l\u00e1 vai o Ava\u00ed, senhoras e senhores. E aten\u00e7\u00e3o, a bola foi lan\u00e7ada em profundidade para a ponta direita, mas bateu no CUDUM e foi para a linha de fundo&#8221;.<\/p>\n<hr \/>\n<p align=\"justify\">Uma das coisas que chamava aten\u00e7\u00e3o no est\u00e1dio Adolfo Konder eram os seus p\u00e9s de eucalipto, localizados atr\u00e1s dos gols.<\/p>\n<p align=\"justify\">Um desses p\u00e9s ajudou Jos\u00e9 Amorim a fazer um gol dos mais estranhos. Num escanteio cobrado da ponta direita, a bola foi viajando para a meta, quando de repente, caiu verticalmente dentro da \u00e1rea, em \u00e2ngulo reto. Amorim s\u00f3 teve o trabalho de empurrar a pelota para o fundo das redes, marcando o gol contra o Bocai\u00fava. O detalhe \u00e9 que a bola quando foi al\u00e7ada na \u00e1rea, bateu num galho do eucalipto e sobrou f\u00e1cil para o atacante avaiano completar a jogada.<\/p>\n<hr \/>\n<p>Para rivalizar com o Ava\u00ed, que tinha Adolfinho, um dos melhores goleiros do Brasil, o Figueirense contratou Doly.<\/p>\n<p align=\"justify\">A diretoria alvinegra aguardou a disputa do pr\u00f3ximo cl\u00e1ssico para promover a estr\u00e9ia do jogador.<\/p>\n<p align=\"justify\">E no dia do cl\u00e1ssico, o campo da Liga estava lotado, com os torcedores alvinegros indo prestigiar o seu novo contratado e a torcida avaiana apostando na superioridade de Adolfinho.<\/p>\n<p align=\"justify\">O jogo j\u00e1 estava no 2\u00ba tempo o placar ainda era 0 x 0, quando a torcida come\u00e7ou a notar que o goleiro Doly fazia estranhos movimentos, com as 2 m\u00e3os segurando a barriga e com as coxas apertadas entre si, caminhando sob a trave com dificuldade.<\/p>\n<p align=\"justify\">O goleiro ent\u00e3o correu em dire\u00e7\u00e3o ao \u00e1rbitro, cochichou em seu ouvido e correu para o banheiro, levando uma folha de jornal que voava com o vento em pleno gramado.<\/p>\n<p align=\"justify\">Com a partida paralisada por 15 minutos, o atleta retornou ao seu gol e o cl\u00e1ssico foi reiniciado, recebendo na sua volta uma calorosa recep\u00e7\u00e3o da torcida avaiana:<\/p>\n<p align=\"justify\">&#8220;cag\u00e3o&#8230;, cag\u00e3o&#8230;, cag\u00e3o&#8230;&#8221;<\/p>\n<hr \/>\n<p align=\"justify\">Na excurs\u00e3o do Ava\u00ed por pa\u00edses da Am\u00e9rica do Sul e Central, os jogadores evitavam se complicar na hora do almo\u00e7o e pediam o trivial: arroz, bife e batatas fritas.<\/p>\n<p align=\"justify\">Em Montevid\u00e9u, o gar\u00e7om perguntou ao goleiro Rub\u00e3o : &#8220;Que prato o senhor prefere?&#8221; e Rub\u00e3o na hora: &#8220;prato fundo&#8221;.<\/p>\n<hr \/>\n<p align=\"justify\">A m\u00e1quina colorada com Manga, Figueroa, Marinho Peres, Ca\u00e7apava, Batista, Valdomiro, Dario entre outros, que se tornaria Bi-campe\u00e3 Brasileira, veio jogar com o Avai em 1976 e Dario Maravilha, o Rei Dad\u00e1, estava barbarizando no campeonato, fazendo gols em quase todos os jogos.<\/p>\n<p align=\"justify\">Maneca, zagueir\u00e3o do avai,passou a semana inteira falando que ia parar o artilheiro. No dia do jogo, diante de quase 20.000 pessoas presentes no Orlando Scarpelli, Inter 4 x 0, com 3 gols do Dad\u00e1.<\/p>\n<p align=\"justify\">O rep\u00f3rter ent\u00e3o perguntou: &#8220;E a\u00ed Manec\u00e3o, o que aconteceu?&#8221;<\/p>\n<div align=\"justify\">Manec\u00e3o: &#8220;N\u00e3o deu para marc\u00e1-lo, mas ele \u00e9 um cara muito educado. Cada gol que fazia pedia desculpas.&#8221;<\/div>\n","protected":false},"excerpt":{"rendered":"<p>&nbsp; FOLCLORE AVAIANO Era dia de cl\u00e1ssico no Adolfo Konder. Encostado no muro, o goleiro Rub\u00e3o conversava com um amigo. Olhos atentos no movimento do p\u00fablico, ele comentou : &#8220;Poxa, quanto mais gente entra, mais cheio fica&#8221;. Foi uma das primeiras viagens do Ava\u00ed no campeonato brasileiro de 1974. O time chegou no aeroporto e [&hellip;]<\/p>\n","protected":false},"author":1,"featured_media":0,"parent":3058,"menu_order":4,"comment_status":"open","ping_status":"open","template":"","meta":{"footnotes":""},"class_list":["post-3092","page","type-page","status-publish","hentry"],"_links":{"self":[{"href":"https:\/\/www.souavaiano.com.br\/v8\/wp-json\/wp\/v2\/pages\/3092","targetHints":{"allow":["GET"]}}],"collection":[{"href":"https:\/\/www.souavaiano.com.br\/v8\/wp-json\/wp\/v2\/pages"}],"about":[{"href":"https:\/\/www.souavaiano.com.br\/v8\/wp-json\/wp\/v2\/types\/page"}],"author":[{"embeddable":true,"href":"https:\/\/www.souavaiano.com.br\/v8\/wp-json\/wp\/v2\/users\/1"}],"replies":[{"embeddable":true,"href":"https:\/\/www.souavaiano.com.br\/v8\/wp-json\/wp\/v2\/comments?post=3092"}],"version-history":[{"count":2,"href":"https:\/\/www.souavaiano.com.br\/v8\/wp-json\/wp\/v2\/pages\/3092\/revisions"}],"predecessor-version":[{"id":3094,"href":"https:\/\/www.souavaiano.com.br\/v8\/wp-json\/wp\/v2\/pages\/3092\/revisions\/3094"}],"up":[{"embeddable":true,"href":"https:\/\/www.souavaiano.com.br\/v8\/wp-json\/wp\/v2\/pages\/3058"}],"wp:attachment":[{"href":"https:\/\/www.souavaiano.com.br\/v8\/wp-json\/wp\/v2\/media?parent=3092"}],"curies":[{"name":"wp","href":"https:\/\/api.w.org\/{rel}","templated":true}]}}