{"id":3087,"date":"2012-03-24T02:29:43","date_gmt":"2012-03-24T05:29:43","guid":{"rendered":"http:\/\/www.souavaiano.com.br\/v8\/?page_id=3087"},"modified":"2012-03-24T02:30:30","modified_gmt":"2012-03-24T05:30:30","slug":"2000-a-2009","status":"publish","type":"page","link":"https:\/\/www.souavaiano.com.br\/v8\/memoria-avaiana\/historia-azurra\/2000-a-2009\/","title":{"rendered":"2000 \u00e0 2009"},"content":{"rendered":"<p align=\"center\"><strong>Hist\u00f3ria Azurra<br \/>\n<\/strong><\/p>\n<p align=\"center\"><strong>2000 \u00e0 2009<br \/>\n<\/strong><\/p>\n<p align=\"justify\"><strong>2000<\/strong><br \/>\nO Ava\u00ed acaba em 3\u00ba lugar no torneio Constantino Cury, disputado em S\u00e3o Paulo, no est\u00e1dio do Morumbi. Participaram al\u00e9m do pr\u00f3prio Ava\u00ed, o S\u00e3o Paulo, o Uralan Elista da R\u00fassia e a Sele\u00e7\u00e3o do Haiti. O Ava\u00ed perdeu para o S\u00e3o Paulo por 3 x 2 e venceu a Sele\u00e7\u00e3o do Haiti, tamb\u00e9m por 3 x 2.<\/p>\n<p align=\"justify\"><strong>2000<br \/>\n<\/strong>O clube realiza p\u00e9ssima campanha na Copa Sul-Minas, conseguindo empatar apenas 1 partida em 6 jogos disputados.<\/p>\n<p align=\"justify\"><strong>2000<br \/>\n<\/strong>Finaliza o campeonato catarinense na 5\u00aa coloca\u00e7\u00e3o, com a seguinte campanha: 22 jogos, 12 vit\u00f3rias, 5 empates, 5 derrotas, 32 gols pr\u00f3 e\u00a018 gols contra.<\/p>\n<p align=\"justify\"><strong>2001<\/strong><br \/>\n8\u00ba lugar no campeonato estadual: 18 jogos,\u00a05 vit\u00f3rias,\u00a04 empates, 9 derrotas, 17 gols pr\u00f3 e 26 gols contra.<\/p>\n<p align=\"justify\"><strong>2001<br \/>\n<\/strong>campe\u00e3o estadual de juniores.<\/p>\n<p align=\"justify\"><strong>2001<\/strong><br \/>\nO Ava\u00ed faz sua melhor campanha na s\u00e9rie B, acabando na 4\u00aa coloca\u00e7\u00e3o. Campanha: 34 jogos, 15 vit\u00f3rias, 9 empates, 10 derrotas, 49 gols pr\u00f3 e 46 gols contra.<\/p>\n<p align=\"justify\"><strong>2002<br \/>\n<\/strong>O time realiza p\u00e9ssima campanha na seletiva da Sul Minas, por\u00e9m faz boa campanha no brasileiro da s\u00e9rie B, onde acaba na 6\u00aa coloca\u00e7\u00e3o.<\/p>\n<p align=\"justify\"><strong>2002<br \/>\n<\/strong>4\u00ba lugar no campeonato estadual: 26 jogos, 12 vit\u00f3rias, 7 empates, 7 derrotas, 36 gols pr\u00f3 e 24 gols contra.<\/p>\n<p align=\"justify\"><strong>2002<br \/>\n<\/strong>6\u00ba lugar no campeonato brasileiro da s\u00e9rie B: 27 jogos, 14 vit\u00f3rias, 5 empates, 8 derrotas, 41 gols pr\u00f3 e 23 gols contra.<\/p>\n<p align=\"justify\"><strong>2003<br \/>\n<\/strong>5\u00ba lugar no campeonato estadual: 10 jogos, 3 vit\u00f3rias, 2 empates, 5 derrotas, 15 gols pr\u00f3 e 16 gols contra.<\/p>\n<p align=\"justify\"><strong>2003<br \/>\n<\/strong>Nas categorias de base, a equipe \u00e9 campe\u00e3 estadual nas categorias de juvenil e junior.<\/p>\n<p align=\"justify\"><strong>2003<br \/>\n<\/strong>Pela 1\u00aa vez desde que passou a disputar a s\u00e9rie B, a equipe fica de fora da fase seguinte da competi\u00e7\u00e3o, acabando na 11\u00aa posi\u00e7\u00e3o. Campanha: 23 jogos, 6 vit\u00f3rias, 7 empates, 10 derrotas, 31 gols pr\u00f3 e 41 gols contra.<\/p>\n<p align=\"justify\"><strong>2004<\/strong><br \/>\nA equipe termina o campeonato catarinense na 10\u00aa coloca\u00e7\u00e3o, com a seguinte campanha: 10 jogos, 3 vit\u00f3rias, 3 empates, 4 derrotas, 13 gols pr\u00f3 e 17 gols contra.<\/p>\n<p align=\"justify\"><strong>7 de setembro de 2004<\/strong><br \/>\nO ciclista avaiano M\u00e9dici Matias conquista o t\u00edtulo de Campe\u00e3o do 18\u00ba Tour de Santa Catarina, uma das principais competi\u00e7\u00f5es do ciclismo nacional.<\/p>\n<p align=\"justify\"><strong>7 de setembro de 2004<br \/>\n<\/strong>A equipe Ava\u00ed\/FME Florian\u00f3polis\/Zita\/Vzan fica com a 3\u00aa coloca\u00e7\u00e3o no 18\u00ba Tour de Santa Catarina. A equipe avaiana foi formada pelos cicl\u00edstas: M\u00e9dici Matias, Douglas Moi Bueno, Daniel Rogelin, Marcelo Moser, Rafael Silva e Gean Marcelo Silva.<\/p>\n<p align=\"justify\"><strong>2004<\/strong><br \/>\nchega novamente ao quadrangular final da S\u00e9rie B, mas n\u00e3o consegue o acesso \u00e0 S\u00e9rie A, conquistado por Brasiliense(DF) e Fortaleza(CE). A equipe fez a seguinte campanha: 35 jogos, 15 vit\u00f3rias, 9 empates, 11 derrotas, 38 gols pr\u00f3 e 39 gols contra.<\/p>\n<p align=\"justify\"><strong>2005<br \/>\n<\/strong>A equipe obt\u00e9m o 3\u00ba lugar no campeonato estadual, jogando 18 partidas, vencendo 11, empatando 2, perdendo 5, marcando 29 gols e sofrendo 21.<\/p>\n<p align=\"justify\"><strong>2005<\/strong><br \/>\nCampe\u00e3o estadual de juniores.<\/p>\n<p align=\"justify\"><strong>2005<br \/>\n<\/strong>Finaliza o campeonato brasileiro da s\u00e9rie B em 8\u00ba lugar: 27 jogos, 10 vit\u00f3rias, 2 empates, 15 derrotas, 37 gols pr\u00f3 e 45 gols contra.<\/p>\n<p align=\"justify\"><strong>2006<br \/>\n<\/strong>Finaliza o Campeonato Catarinense na 8\u00aa posi\u00e7\u00e3o, com a seguinte campanha: 16 jogos, 6 vit\u00f3rias, 3 empates, 7 derrotas, 27 gols pr\u00f3 e 21 gols contra.<\/p>\n<p align=\"justify\"><strong>2006<\/strong><br \/>\n13\u00ba lugar no campeonato brasileiro: 38 jogos, 12 vit\u00f3rias, 10 empates, 16 derrotas, 36 gols pr\u00f3 e 51 gols contra.<\/p>\n<p align=\"justify\"><strong>2007<br \/>\n<\/strong>Termina o campeonato catarinense em 4\u00ba lugar : 22 jogos, 10 vit\u00f3rias, 6 empates, 6 derrotas, 41 gols pr\u00f3 e 31 gols contra.<\/p>\n<p align=\"justify\"><strong>2007<br \/>\n<\/strong>Pela primeira vez o time passa para a 3\u00aa fase da Copa do Brasil, sendo eliminado pelo Atl\u00e9tico\/MG.<\/p>\n<p align=\"justify\"><strong>2008<\/strong><br \/>\nFinaliza o Campeonato Catarinense na\u00a0 6\u00aa posi\u00e7\u00e3o.<\/p>\n<p align=\"justify\"><strong>2008<br \/>\n<\/strong>Conquista o acesso ao Brasileiro da S\u00e9rie A de 2009 ao finalizar o Campeonato Brasileiro da S\u00e9rie B na 3\u00aa posi\u00e7\u00e3o.<\/p>\n<p align=\"justify\"><strong>2009<\/strong><br \/>\nConsagra-se Campe\u00e3o Catarinense ao vencer a Chapecoense por 3 a 1 (tempo normal) e 3 x 0 (prorroga\u00e7\u00e3o).<\/p>\n<p align=\"justify\"><strong>2009<br \/>\n<\/strong>Termina o campeonato brasileiro da S\u00e9rie A na 6\u00aa coloca\u00e7\u00e3o. A melhor posi\u00e7\u00e3o de um clube catarinense em todos os tempos.<\/p>\n","protected":false},"excerpt":{"rendered":"<p>Hist\u00f3ria Azurra 2000 \u00e0 2009 2000 O Ava\u00ed acaba em 3\u00ba lugar no torneio Constantino Cury, disputado em S\u00e3o Paulo, no est\u00e1dio do Morumbi. Participaram al\u00e9m do pr\u00f3prio Ava\u00ed, o S\u00e3o Paulo, o Uralan Elista da R\u00fassia e a Sele\u00e7\u00e3o do Haiti. O Ava\u00ed perdeu para o S\u00e3o Paulo por 3 x 2 e venceu [&hellip;]<\/p>\n","protected":false},"author":1,"featured_media":0,"parent":3066,"menu_order":9,"comment_status":"open","ping_status":"open","template":"","meta":{"footnotes":""},"class_list":["post-3087","page","type-page","status-publish","hentry"],"_links":{"self":[{"href":"https:\/\/www.souavaiano.com.br\/v8\/wp-json\/wp\/v2\/pages\/3087","targetHints":{"allow":["GET"]}}],"collection":[{"href":"https:\/\/www.souavaiano.com.br\/v8\/wp-json\/wp\/v2\/pages"}],"about":[{"href":"https:\/\/www.souavaiano.com.br\/v8\/wp-json\/wp\/v2\/types\/page"}],"author":[{"embeddable":true,"href":"https:\/\/www.souavaiano.com.br\/v8\/wp-json\/wp\/v2\/users\/1"}],"replies":[{"embeddable":true,"href":"https:\/\/www.souavaiano.com.br\/v8\/wp-json\/wp\/v2\/comments?post=3087"}],"version-history":[{"count":2,"href":"https:\/\/www.souavaiano.com.br\/v8\/wp-json\/wp\/v2\/pages\/3087\/revisions"}],"predecessor-version":[{"id":3090,"href":"https:\/\/www.souavaiano.com.br\/v8\/wp-json\/wp\/v2\/pages\/3087\/revisions\/3090"}],"up":[{"embeddable":true,"href":"https:\/\/www.souavaiano.com.br\/v8\/wp-json\/wp\/v2\/pages\/3066"}],"wp:attachment":[{"href":"https:\/\/www.souavaiano.com.br\/v8\/wp-json\/wp\/v2\/media?parent=3087"}],"curies":[{"name":"wp","href":"https:\/\/api.w.org\/{rel}","templated":true}]}}