{"id":3083,"date":"2012-03-24T02:22:00","date_gmt":"2012-03-24T05:22:00","guid":{"rendered":"http:\/\/www.souavaiano.com.br\/v8\/?page_id=3083"},"modified":"2012-03-24T02:22:00","modified_gmt":"2012-03-24T05:22:00","slug":"1980-a-1989","status":"publish","type":"page","link":"https:\/\/www.souavaiano.com.br\/v8\/memoria-avaiana\/historia-azurra\/1980-a-1989\/","title":{"rendered":"1980 \u00e0 1989"},"content":{"rendered":"<p>&nbsp;<\/p>\n<p align=\"center\"><strong>Hist\u00f3ria Azurra<br \/>\n<\/strong><\/p>\n<p align=\"center\"><strong>1980 \u00e0 1989<\/strong><\/p>\n<p align=\"justify\"><strong>10 de agosto de 1980<\/strong><br \/>\nEm Florian\u00f3polis, torcedores de Ava\u00ed e Figueirense se desentendem e, numa manh\u00e3 misteriosa, fazem sumir uma das traves do Adolfo Konder, em dia de cl\u00e1ssico. \u00c0s pressas, uma outra foi provid\u00eanciada e o jogo aconteceu sob muita troca de acusa\u00e7\u00f5es.<\/p>\n<p align=\"justify\"><strong>2 de maio de 1981<br \/>\n<\/strong>Os clubes do Brasil vivem a &#8220;febre&#8221; dos bingos e o Ava\u00ed promove sua festa no campo do Figueirense. Tudo acaba em desordem total, com os 10 fuscas e 10 motocicletas do sorteio sendo incendiados pelos pr\u00f3prios compradores das cartelas. Um defeito na aparelhagem de som foi o estopim da confus\u00e3o. Nada mais foi dito nem resolvido.<\/p>\n<p align=\"justify\"><strong>1982<br \/>\n<\/strong>A Sele\u00e7\u00e3o Catarinense participou de uma turn\u00ea na Tail\u00e2ndia, Singapura, \u00cdndia, Senegal, Cor\u00e9ia, Mal\u00e1sia e Emirados \u00c1rabes e contou com a presen\u00e7a dos jogadores avaianos Vargas e Carlinhos.<\/p>\n<p align=\"justify\"><strong>12 de outubro de 1983<br \/>\n<\/strong>Ava\u00ed e Joinville disputam a \u00faltima partida oficial no est\u00e1dio da Adolfo Konder. O jogo terminou empatado em 0 a 0 e teve um p\u00fablico de 2.056 pessoas.<\/p>\n<p align=\"justify\"><strong>Novembro de 1983<br \/>\n<\/strong>Veteranos do Ava\u00ed e Figueirense disputam a \u00faltima partida no est\u00e1dio Adolfo Konder. Foram 53 anos, 5 meses e 1 dia de gl\u00f3rias no legend\u00e1rio est\u00e1dio. E mais 4 anos, 8 meses e 4 dias como Campo da Liga.<\/p>\n<p align=\"justify\"><strong>15 de novembro de 1983<br \/>\n<\/strong>O Ava\u00ed est\u00e1 de casa nova: \u00e9 inaugurado o est\u00e1dio Aderbal Ramos da Silva, com a partida entre o time azurra e o Vasco da Gama. Vit\u00f3ria vascaina por 6 a 1.<\/p>\n<p align=\"justify\"><strong>15 de novembro de 1983<br \/>\n<\/strong>O meio-campista vasca\u00edno Vilson Tadei marca o primeiro gol no novo est\u00e1dio. Amarildo, ponta-direita avaiano, entra para a hist\u00f3ria do clube como autor do primeiro gol do Ava\u00ed na Ressacada.<\/p>\n<p align=\"justify\"><strong>5 de mar\u00e7o de 1984<br \/>\n<\/strong>Morre em acidente automobil\u00edstico o jogador avaiano S\u00e9rgio Murilo, na cidade de Imbituba.<\/p>\n<p align=\"justify\"><strong>1985<\/strong><br \/>\nAva\u00ed consagra-se vice-campe\u00e3o estadual. Na partida final contra o Joinville, o time azurra jogou com Carlos Alberto, Roberto Teixeira, Fred, Nelsinho, Everaldo, Miranda, Belmonte, Fl\u00e1vio Roberto, Dud\u00fa, Catatau, Branco, SIlva e D\u00e9cio Ant\u00f4nio. D\u00e9cio Ant\u00f4nio, depois, foi jogar em Portugal.<\/p>\n<p align=\"justify\"><strong>31 de mar\u00e7o de 1986<br \/>\n<\/strong>O est\u00e1dio da Ressacada passa a contar com um dos mais potentes sistemas de ilumina\u00e7\u00e3o do Sul do pa\u00eds. Agora, o Ava\u00ed j\u00e1 pode jogar \u00e0 noite.<\/p>\n<p align=\"justify\"><strong>31 de maio de 1986<br \/>\n<\/strong>Para marcar a inaugura\u00e7\u00e3o dos refletores, Ava\u00ed e Fluminense, do Rio de Janeiro, jogam e empatam em 0 a 0.<\/p>\n<p align=\"justify\"><strong>21 de junho de 1987<\/strong><br \/>\nA Sele\u00e7\u00e3o Brasileira faz sua primeira apresenta\u00e7\u00e3o em territ\u00f3rio azul e branco. No final, vit\u00f3ria sobre o Equador por 4 a 1.<\/p>\n<p align=\"justify\"><strong>17 de julho de 1988<\/strong><br \/>\nCom a garra de Fossati no gol e os chutes certeiros de Adilson Heleno, o Ava\u00ed quebra o jejum de 13 anos e traz para Florian\u00f3polis o t\u00edtulo de campe\u00e3o estadual. O Ava\u00ed jogou com Fossati, Netinho, S\u00e9rgio M\u00e1rcio, J. Rodrigues, Belmonte, Fl\u00e1vio Roberto, Ad\u00edlson Heleno, Marcos Severo, Adilson Gomes, Mendon\u00e7a, Eliseo e Falc\u00e3o. O Est\u00e1dio da Ressacada, registra seu maior p\u00fablico at\u00e9 hoje: 25.735 pagantes.<\/p>\n<p align=\"justify\"><strong>12 de agosto de 1988<br \/>\n<\/strong>Morre Galego Beck, ex-jogador do Ava\u00ed e do Figueirense, considerado o maior craque de futebol do estado pelo jornalista e ex-jogador Saul Oliveira. Galego Beck jogou entre 1932 e 1945.<\/p>\n<p align=\"justify\"><strong>24 de maio de 1989<br \/>\n<\/strong>Adilson Heleno, a sensa\u00e7\u00e3o do Ava\u00ed neste ano, transfere-se para o Gr\u00eamio Portoalegrense.<\/p>\n","protected":false},"excerpt":{"rendered":"<p>&nbsp; Hist\u00f3ria Azurra 1980 \u00e0 1989 10 de agosto de 1980 Em Florian\u00f3polis, torcedores de Ava\u00ed e Figueirense se desentendem e, numa manh\u00e3 misteriosa, fazem sumir uma das traves do Adolfo Konder, em dia de cl\u00e1ssico. \u00c0s pressas, uma outra foi provid\u00eanciada e o jogo aconteceu sob muita troca de acusa\u00e7\u00f5es. 2 de maio de [&hellip;]<\/p>\n","protected":false},"author":1,"featured_media":0,"parent":3066,"menu_order":7,"comment_status":"open","ping_status":"open","template":"","meta":{"footnotes":""},"class_list":["post-3083","page","type-page","status-publish","hentry"],"_links":{"self":[{"href":"https:\/\/www.souavaiano.com.br\/v8\/wp-json\/wp\/v2\/pages\/3083","targetHints":{"allow":["GET"]}}],"collection":[{"href":"https:\/\/www.souavaiano.com.br\/v8\/wp-json\/wp\/v2\/pages"}],"about":[{"href":"https:\/\/www.souavaiano.com.br\/v8\/wp-json\/wp\/v2\/types\/page"}],"author":[{"embeddable":true,"href":"https:\/\/www.souavaiano.com.br\/v8\/wp-json\/wp\/v2\/users\/1"}],"replies":[{"embeddable":true,"href":"https:\/\/www.souavaiano.com.br\/v8\/wp-json\/wp\/v2\/comments?post=3083"}],"version-history":[{"count":1,"href":"https:\/\/www.souavaiano.com.br\/v8\/wp-json\/wp\/v2\/pages\/3083\/revisions"}],"predecessor-version":[{"id":3084,"href":"https:\/\/www.souavaiano.com.br\/v8\/wp-json\/wp\/v2\/pages\/3083\/revisions\/3084"}],"up":[{"embeddable":true,"href":"https:\/\/www.souavaiano.com.br\/v8\/wp-json\/wp\/v2\/pages\/3066"}],"wp:attachment":[{"href":"https:\/\/www.souavaiano.com.br\/v8\/wp-json\/wp\/v2\/media?parent=3083"}],"curies":[{"name":"wp","href":"https:\/\/api.w.org\/{rel}","templated":true}]}}