{"id":3081,"date":"2012-03-24T02:19:00","date_gmt":"2012-03-24T05:19:00","guid":{"rendered":"http:\/\/www.souavaiano.com.br\/v8\/?page_id=3081"},"modified":"2012-03-24T02:19:00","modified_gmt":"2012-03-24T05:19:00","slug":"1970-a-1979","status":"publish","type":"page","link":"https:\/\/www.souavaiano.com.br\/v8\/memoria-avaiana\/historia-azurra\/1970-a-1979\/","title":{"rendered":"1970 \u00e0 1979"},"content":{"rendered":"<p>&nbsp;<\/p>\n<p align=\"center\"><strong>HIST\u00d3RIA AZURRA<\/strong><\/p>\n<p align=\"center\"><strong>1970 \u00e0 1979<\/strong><\/p>\n<p align=\"justify\"><strong>1970<br \/>\n<\/strong>O ava\u00ed acaba o campeonato estadual na 6\u00aa coloca\u00e7\u00e3o, com um retrospecto de 28 Jogos, com 14 vit\u00f3rias, 8 empates e 6 derrotas. O campe\u00e3o foi o Ferrovi\u00e1rio de Tubar\u00e3o.<\/p>\n<p align=\"justify\"><strong>1971<\/strong><br \/>\nFernando Bastos e Luiz Henrique da Rosa v\u00e3o ao programa Zero Hora Esportiva, na R\u00e1dio Jornal A Verdade, para apresentar o Hino Oficial do Ava\u00ed. que os dois haviam acabado de compor, naquela mesma noite.<\/p>\n<p align=\"justify\"><strong>31 de mar\u00e7o de 1971<\/strong><br \/>\nNuma partida entre Ava\u00ed e Figueirense, os \u00e2nimos se exaltam e o \u00e1rbitro acaba expulsando todos os jogadores de campo.<\/p>\n<p align=\"justify\"><strong>15 de agosto de 1972<\/strong><br \/>\nO Santos, de Sua Majestade, o Rei Pel\u00e9, joga no acanhado Adolfo Konder e vence o Ava\u00ed por 2 a 1.<\/p>\n<p align=\"justify\"><strong>1972<br \/>\n<\/strong>Ava\u00ed vice-campe\u00e3o Estadual.<\/p>\n<p align=\"justify\"><strong>1973<\/strong><br \/>\nO ent\u00e3o Deputado Fernando Bastos intercede junto ao Governador Colombo Salles, que prontamente aceita o pedido e doa ao Ava\u00ed Futebol Clube o est\u00e1dio Adolfo Konder.<\/p>\n<p align=\"justify\"><strong>17 de dezembro de 1973<\/strong><br \/>\nCom uma vit\u00f3ria de 2&#215;1 sobre o Juventus de Rio do Sul acaba com uma seq\u00fc\u00eancia de 27 anos sem t\u00edtulos estaduais, o maior per\u00edodo na hist\u00f3ria do clube. Rub\u00e3o no gol, Rog\u00e9rio, Baldu\u00ednio e Zenon no meio-campo e Toninho no ataque s\u00e3o os destaques do time.<\/p>\n<p align=\"justify\"><strong>1973<br \/>\n<\/strong>Pela primeira vez, o Ava\u00ed faz uma excurs\u00e3o internacional. Foram 3 jogos e tr\u00eas empates. Primeiro no Uruguai, diante do Pe\u00f1arol (3 a 3), e depois na Argentina, onde enfrentou o Velez Sarsfield (3 a 3) e o Argentino Juniors (2 a 2).<\/p>\n<p align=\"justify\"><strong>28 de janeiro de 1974<br \/>\n<\/strong>Nova excurs\u00e3o azurra, agora para a disputa da Ta\u00e7a Atl\u00e2ntida, em Ros\u00e1rio, na Argentina. O Le\u00e3o perdeu para o Newll&#8217;s Old Boys por 3 a 0.<\/p>\n<p align=\"justify\"><strong>10 de mar\u00e7o de 1974<br \/>\n<\/strong>O ava\u00ed estr\u00e9ia na Primeira Divis\u00e3o do Campeonato Brasileiro com um empate com o Am\u00e9rica (RN) por 1&#215;1, em Natal\/RN. Nesse jogo, Zenon marcou o primeiro gol do Ava\u00ed em Campeonatos Brasileiros. A primeira vit\u00f3ria, no entanto, s\u00f3 ocorreu na sexta rodada: 3&#215;0 no Remo (PA), em Florian\u00f3polis, com dois gols de Baldu\u00edno e um gol contra de L\u00facio, do Remo. No final da competi\u00e7\u00e3o a equipe azurra classificou-se na 39\u00ba posi\u00e7\u00e3o.<\/p>\n<p align=\"justify\"><strong>1975<br \/>\n<\/strong>O time avaiano vence a melhor de tr\u00eas partidas na final contra o Figueirense e conquista o 11\u00ba t\u00edtulo estadual. Com um gol marcado na terceira e decisiva partida contra o Figueirense, o centro-avante Juti atinge a marca de 28 gols num s\u00f3 campeonato e se torna o maior artilheiro do Ava\u00ed em disputas estaduais.<\/p>\n<p align=\"justify\"><strong>21 de junho de 1975<\/strong><br \/>\n\u00c9 fundada a ATA (Associa\u00e7\u00e3o dos Torcedores do ava\u00ed), primeira torcida organizada em Santa Catarina. De l\u00e1 para c\u00e1, novas torcidas nasceram para fazer festa na Ressacada.<\/p>\n<p align=\"justify\"><strong>Fevereiro de 1976<br \/>\n<\/strong>O Ava\u00ed realiza sua maior excurs\u00e3o internacional, com jogos em quatro pa\u00edses: M\u00e9xico, El Salvador, Costa Rica e Chile. No retrospecto, o Ava\u00ed voltou para casa com 3 vit\u00f3rias, 4 empates e 1 derrota.<\/p>\n<p align=\"justify\"><strong>1977<br \/>\n<\/strong>Apesar da 43\u00aa coloca\u00e7\u00e3o, o Ava\u00ed obteve resultados expressivos no Campeonato Nacional. Venceu o Gr\u00eamio (2 a 1) e Coritiba (2 a 0) e empatou em 0 a 0 com o todo poderoso Internacional de Falc\u00e3o e companhia, bicampe\u00e3o brasileiro.<\/p>\n<p align=\"justify\"><strong>11 de junho de 1977<br \/>\n<\/strong>Por um equ\u00edvoco de informa\u00e7\u00e3o, Ava\u00ed e Chapecoense entraram em campo para um jogo entre si, por\u00e9m um em cada campo. O time da casa apresentou-se para a sua torcida no Adolfo Konder, esperando os jogadores do time oestino. Enquanto isso, atendendo a \u00faltima informa\u00e7\u00e3o que recebera, o verde e branco de Chapec\u00f3 foi ao Orlando Scarpelli onde tamb\u00e9m ficou aguardando ao &#8220;Le\u00e3o da Ilha&#8221; para o mesmo jogo. Diante de tanta trapalhada e desencontro de informa\u00e7\u00f5es, Dalmo Bozzano, jiz do jogo, foi aos dois campos, explicou a situa\u00e7\u00e3o aos diretores dos dois times e acabou por cancelar o jogo.<\/p>\n<p align=\"justify\"><strong>13 de setembro de 1977<\/strong><br \/>\nOs jogadores Lico e Almir, do Ava\u00ed, foram fotografados e flagrados pela imprensa da Capital ca\u00e7ando passarinhos silvestres com espingarda de press\u00e3o numa ch\u00e1cara em Canasvieiras, onde o time da Capital se concentrava. Por causa disso, os dois atletas foram repreendidos pelo IBDF (Instituto Brasileiro de Desenvolvimento Florestal) com veemente protesto. Lico e Almir, mais tarde, jogariam no FLamengo e S\u00e3o Paulo, respectivamente. Almir, antes do S\u00e3o Paulo passou pelo Coritiba, para onde se transferiu do Ava\u00ed em dezembro desse ano.<\/p>\n<p align=\"justify\"><strong>1977<br \/>\n<\/strong>Ava\u00ed vice-campe\u00e3o Estadual.<\/p>\n<p align=\"justify\"><strong>1978<br \/>\n<\/strong>A diretoria do Ava\u00ed, protestando contra a arbitragem em Santa Catarina, resolveu se retirar do Estadual no meio da competi\u00e7\u00e3o, deixando em aberto uma grande quest\u00e3o: e os pontos dos jogos j\u00e1 cumpridos e a cumprir com o time da Capital, com quem ficariam?<\/p>\n<p align=\"justify\"><strong>18 de mar\u00e7o de 1978<br \/>\n<\/strong>O Ava\u00ed, depois de muitas negocia\u00e7\u00f5es, vende Renato S\u00e1 para o Gr\u00eamio Portoalegrense por 600 mil. Da\u00ed foi para o Botafogo, por empr\u00e9stimo.<\/p>\n<p align=\"justify\"><strong>29 de dezembro de 1978<br \/>\n<\/strong>Morre Moenda, jogador que por muitos anos jogou no Ava\u00ed<\/p>\n<p align=\"justify\"><strong>11 de janeiro de 1979<br \/>\n<\/strong>Em homenagem ao jogador Moenda, falecido em 29 de dezembro de 1978, o jornalista esportivo Roberto Alves e o ex-jogador avaiano Saul Oliveira organizaram um jogo beneficiente no est\u00e1dio Orlando Scarpelli entre Ava\u00ed e Figueirense, vencido pelo Figueirense pelo placar de 3 x 2. Participaram da partida, com est\u00e1dio lotado, v\u00e1rios jogadores catarinenses de renome nacional como Oberdan, Zenon, Toninho, Beto Fusc\u00e3o e Ladinho. Al\u00e9m deles, l\u00e1 estiveram Bugl\u00ea (Atl\u00e9tico Mineiro), Piazza (Cruzeiro) e Dudu (Palmeiras).<\/p>\n<p align=\"justify\"><strong>1979<br \/>\n<\/strong>Revelado para o Brasil o jogador avaiano Katinha, vendido ao Vasco da Gama, onde foi titular por algumas temporadas.<\/p>\n","protected":false},"excerpt":{"rendered":"<p>&nbsp; HIST\u00d3RIA AZURRA 1970 \u00e0 1979 1970 O ava\u00ed acaba o campeonato estadual na 6\u00aa coloca\u00e7\u00e3o, com um retrospecto de 28 Jogos, com 14 vit\u00f3rias, 8 empates e 6 derrotas. O campe\u00e3o foi o Ferrovi\u00e1rio de Tubar\u00e3o. 1971 Fernando Bastos e Luiz Henrique da Rosa v\u00e3o ao programa Zero Hora Esportiva, na R\u00e1dio Jornal A [&hellip;]<\/p>\n","protected":false},"author":1,"featured_media":0,"parent":3066,"menu_order":6,"comment_status":"open","ping_status":"open","template":"","meta":{"footnotes":""},"class_list":["post-3081","page","type-page","status-publish","hentry"],"_links":{"self":[{"href":"https:\/\/www.souavaiano.com.br\/v8\/wp-json\/wp\/v2\/pages\/3081","targetHints":{"allow":["GET"]}}],"collection":[{"href":"https:\/\/www.souavaiano.com.br\/v8\/wp-json\/wp\/v2\/pages"}],"about":[{"href":"https:\/\/www.souavaiano.com.br\/v8\/wp-json\/wp\/v2\/types\/page"}],"author":[{"embeddable":true,"href":"https:\/\/www.souavaiano.com.br\/v8\/wp-json\/wp\/v2\/users\/1"}],"replies":[{"embeddable":true,"href":"https:\/\/www.souavaiano.com.br\/v8\/wp-json\/wp\/v2\/comments?post=3081"}],"version-history":[{"count":1,"href":"https:\/\/www.souavaiano.com.br\/v8\/wp-json\/wp\/v2\/pages\/3081\/revisions"}],"predecessor-version":[{"id":3082,"href":"https:\/\/www.souavaiano.com.br\/v8\/wp-json\/wp\/v2\/pages\/3081\/revisions\/3082"}],"up":[{"embeddable":true,"href":"https:\/\/www.souavaiano.com.br\/v8\/wp-json\/wp\/v2\/pages\/3066"}],"wp:attachment":[{"href":"https:\/\/www.souavaiano.com.br\/v8\/wp-json\/wp\/v2\/media?parent=3081"}],"curies":[{"name":"wp","href":"https:\/\/api.w.org\/{rel}","templated":true}]}}