{"id":3079,"date":"2012-03-24T02:15:05","date_gmt":"2012-03-24T05:15:05","guid":{"rendered":"http:\/\/www.souavaiano.com.br\/v8\/?page_id=3079"},"modified":"2012-03-24T02:15:05","modified_gmt":"2012-03-24T05:15:05","slug":"1960-a-1969","status":"publish","type":"page","link":"https:\/\/www.souavaiano.com.br\/v8\/memoria-avaiana\/historia-azurra\/1960-a-1969\/","title":{"rendered":"1960 \u00e0 1969"},"content":{"rendered":"<p>&nbsp;<\/p>\n<p align=\"center\"><strong>Hist\u00f3ria Azurra<br \/>\n<\/strong><\/p>\n<p align=\"center\"><strong>1960 \u00c0 1969\u00a0<\/strong><\/p>\n<p align=\"justify\"><strong>1<\/strong><strong>960<br \/>\n<\/strong>Ava\u00ed campe\u00e3o Citadino de Florian\u00f3polis.<\/p>\n<p align=\"justify\"><strong>1960<\/strong><br \/>\nAva\u00ed campe\u00e3o do Torneio In\u00edcio.<\/p>\n<p align=\"justify\"><strong>1963<br \/>\n<\/strong>Ava\u00ed campe\u00e3o do Torneio In\u00edcio.<\/p>\n<p align=\"justify\"><strong>1963<\/strong><br \/>\nAva\u00ed campe\u00e3o Citadino de Florian\u00f3polis.<\/p>\n<p align=\"justify\"><strong>1965<br \/>\n<\/strong>Ava\u00ed vice-campe\u00e3o Citadino de Fpolis.<\/p>\n","protected":false},"excerpt":{"rendered":"<p>&nbsp; Hist\u00f3ria Azurra 1960 \u00c0 1969\u00a0 1960 Ava\u00ed campe\u00e3o Citadino de Florian\u00f3polis. 1960 Ava\u00ed campe\u00e3o do Torneio In\u00edcio. 1963 Ava\u00ed campe\u00e3o do Torneio In\u00edcio. 1963 Ava\u00ed campe\u00e3o Citadino de Florian\u00f3polis. 1965 Ava\u00ed vice-campe\u00e3o Citadino de Fpolis.<\/p>\n","protected":false},"author":1,"featured_media":0,"parent":3066,"menu_order":5,"comment_status":"open","ping_status":"open","template":"","meta":{"footnotes":""},"class_list":["post-3079","page","type-page","status-publish","hentry"],"_links":{"self":[{"href":"https:\/\/www.souavaiano.com.br\/v8\/wp-json\/wp\/v2\/pages\/3079","targetHints":{"allow":["GET"]}}],"collection":[{"href":"https:\/\/www.souavaiano.com.br\/v8\/wp-json\/wp\/v2\/pages"}],"about":[{"href":"https:\/\/www.souavaiano.com.br\/v8\/wp-json\/wp\/v2\/types\/page"}],"author":[{"embeddable":true,"href":"https:\/\/www.souavaiano.com.br\/v8\/wp-json\/wp\/v2\/users\/1"}],"replies":[{"embeddable":true,"href":"https:\/\/www.souavaiano.com.br\/v8\/wp-json\/wp\/v2\/comments?post=3079"}],"version-history":[{"count":1,"href":"https:\/\/www.souavaiano.com.br\/v8\/wp-json\/wp\/v2\/pages\/3079\/revisions"}],"predecessor-version":[{"id":3080,"href":"https:\/\/www.souavaiano.com.br\/v8\/wp-json\/wp\/v2\/pages\/3079\/revisions\/3080"}],"up":[{"embeddable":true,"href":"https:\/\/www.souavaiano.com.br\/v8\/wp-json\/wp\/v2\/pages\/3066"}],"wp:attachment":[{"href":"https:\/\/www.souavaiano.com.br\/v8\/wp-json\/wp\/v2\/media?parent=3079"}],"curies":[{"name":"wp","href":"https:\/\/api.w.org\/{rel}","templated":true}]}}