{"id":3077,"date":"2012-03-24T02:14:06","date_gmt":"2012-03-24T05:14:06","guid":{"rendered":"http:\/\/www.souavaiano.com.br\/v8\/?page_id=3077"},"modified":"2012-03-24T02:14:06","modified_gmt":"2012-03-24T05:14:06","slug":"1950-a-1959","status":"publish","type":"page","link":"https:\/\/www.souavaiano.com.br\/v8\/memoria-avaiana\/historia-azurra\/1950-a-1959\/","title":{"rendered":"1950 \u00e0 1959"},"content":{"rendered":"<p>&nbsp;<\/p>\n<p align=\"center\"><strong>Hist\u00f3ria Azurra<\/strong><\/p>\n<p align=\"center\"><strong>1950 \u00e0 1959<\/strong><\/p>\n<p align=\"left\"><strong>1950<\/strong><br \/>\nAva\u00ed vice-campe\u00e3o Citadino de Fpolis.<\/p>\n<p><strong>1951<br \/>\n<\/strong>Ava\u00ed vice-campe\u00e3o do Torneio In\u00edcio de Fpolis.<\/p>\n<p align=\"justify\"><strong>1951<br \/>\n<\/strong>Ava\u00ed campe\u00e3o Citadino de Florian\u00f3polis.<\/p>\n<p align=\"justify\"><strong>1951<\/strong><br \/>\nO Ava\u00ed perde o t\u00edtulo estadual para o Am\u00e9rica de Joinville. Nos jogos finais em Joinville, o placar foi 1 x 1. No jogo final, no est\u00e1dio Adolfo Konder, o placar foi 4 x 0 para o Am\u00e9rica. Time base avaiano: Adolfinho, Beneval, Danda, Minella, Jair, Nen\u00e9m, Lisboa, Nizeta, Bol\u00e3o, Saul e Moraci.<\/p>\n<p><strong>1952<\/strong><br \/>\nAva\u00ed bi-campe\u00e3o Citadino de Florian\u00f3polis.<\/p>\n<p><strong>1952<br \/>\n<\/strong>O Ava\u00ed termina o campeonato estadual na 7\u00aa coloca\u00e7\u00e3o, atr\u00e1s do Am\u00e9rica(campe\u00e3o), Carlos Renaux, Gr\u00eamio Araranguaense, Aliados, Ipiranga e Duque de Caxias. A tabela de classifica\u00e7\u00e3o foi completada por Estivadores, Herc\u00edlio Luz e Dom Pedro II.<\/p>\n<p><strong>1953<\/strong><br \/>\nAva\u00ed tri-campe\u00e3o Citadino de Florian\u00f3polis.<\/p>\n<p><strong>1953<br \/>\n<\/strong>O Ava\u00ed termina o campeonato estadual na 4\u00aa coloca\u00e7\u00e3o, com o t\u00edtulo ficando com a equipe do Carlos Renaux.<\/p>\n<p><strong>1954<\/strong><br \/>\nAva\u00ed vice-campe\u00e3o do Torneio In\u00edcio de Fpolis.<\/p>\n<p align=\"justify\"><strong>1955<\/strong><br \/>\nAva\u00ed campe\u00e3o do Torneio In\u00edcio.<\/p>\n<p align=\"justify\"><strong>1955<\/strong><br \/>\nAva\u00ed vice-campe\u00e3o Citadino de Fpolis.<\/p>\n<p align=\"justify\"><strong>1956<\/strong><br \/>\n4\u00ba colocado no campeonato estadual.<\/p>\n<p align=\"justify\"><strong>24 de fevereiro de 1957<\/strong><br \/>\nO Ava\u00ed empatou em 3 x 3 com o Bang\u00fa. Zizinho jogou pela equipe carioca e Teixeirinha atuou pelo Ava\u00ed.<\/p>\n<p align=\"justify\"><strong>1958<br \/>\n<\/strong>Ava\u00ed campe\u00e3o do Torneio In\u00edcio de Fpolis<\/p>\n<p><strong>1958<br \/>\n<\/strong>Ava\u00ed vice-campe\u00e3o Citadino de Florian\u00f3polis.<\/p>\n","protected":false},"excerpt":{"rendered":"<p>&nbsp; Hist\u00f3ria Azurra 1950 \u00e0 1959 1950 Ava\u00ed vice-campe\u00e3o Citadino de Fpolis. 1951 Ava\u00ed vice-campe\u00e3o do Torneio In\u00edcio de Fpolis. 1951 Ava\u00ed campe\u00e3o Citadino de Florian\u00f3polis. 1951 O Ava\u00ed perde o t\u00edtulo estadual para o Am\u00e9rica de Joinville. Nos jogos finais em Joinville, o placar foi 1 x 1. No jogo final, no est\u00e1dio Adolfo [&hellip;]<\/p>\n","protected":false},"author":1,"featured_media":0,"parent":3066,"menu_order":4,"comment_status":"open","ping_status":"open","template":"","meta":{"footnotes":""},"class_list":["post-3077","page","type-page","status-publish","hentry"],"_links":{"self":[{"href":"https:\/\/www.souavaiano.com.br\/v8\/wp-json\/wp\/v2\/pages\/3077","targetHints":{"allow":["GET"]}}],"collection":[{"href":"https:\/\/www.souavaiano.com.br\/v8\/wp-json\/wp\/v2\/pages"}],"about":[{"href":"https:\/\/www.souavaiano.com.br\/v8\/wp-json\/wp\/v2\/types\/page"}],"author":[{"embeddable":true,"href":"https:\/\/www.souavaiano.com.br\/v8\/wp-json\/wp\/v2\/users\/1"}],"replies":[{"embeddable":true,"href":"https:\/\/www.souavaiano.com.br\/v8\/wp-json\/wp\/v2\/comments?post=3077"}],"version-history":[{"count":1,"href":"https:\/\/www.souavaiano.com.br\/v8\/wp-json\/wp\/v2\/pages\/3077\/revisions"}],"predecessor-version":[{"id":3078,"href":"https:\/\/www.souavaiano.com.br\/v8\/wp-json\/wp\/v2\/pages\/3077\/revisions\/3078"}],"up":[{"embeddable":true,"href":"https:\/\/www.souavaiano.com.br\/v8\/wp-json\/wp\/v2\/pages\/3066"}],"wp:attachment":[{"href":"https:\/\/www.souavaiano.com.br\/v8\/wp-json\/wp\/v2\/media?parent=3077"}],"curies":[{"name":"wp","href":"https:\/\/api.w.org\/{rel}","templated":true}]}}