{"id":3072,"date":"2012-03-24T01:53:57","date_gmt":"2012-03-24T04:53:57","guid":{"rendered":"http:\/\/www.souavaiano.com.br\/v8\/?page_id=3072"},"modified":"2012-03-24T02:11:14","modified_gmt":"2012-03-24T05:11:14","slug":"1940-a-1949","status":"publish","type":"page","link":"https:\/\/www.souavaiano.com.br\/v8\/memoria-avaiana\/historia-azurra\/1940-a-1949\/","title":{"rendered":"1940 \u00e0 1949"},"content":{"rendered":"<p>&nbsp;<\/p>\n<p align=\"center\"><strong>Hist\u00f3ria Azurra<br \/>\n<\/strong><\/p>\n<p align=\"center\"><strong>1940 \u00e0 1949<\/strong><\/p>\n<p align=\"justify\"><strong>1940<br \/>\n<\/strong>Ava\u00ed Campe\u00e3o Citadino de Florian\u00f3polis.<\/p>\n<p><strong>1940<\/strong><br \/>\nVice-campe\u00e3o estadual, perdendo o t\u00edtulo para o Ypiranga de S\u00e3o Francisco do Sul.<br \/>\nTime : Joel, Guarita, Diamantino, L\u00e9o, Proc\u00f3pio, Borbinha, Shuermann, Amorim, Nizeta, China, Fornerolli e Saul.<\/p>\n<p><strong>1942<\/strong><br \/>\nAva\u00ed Campe\u00e3o do Torneio In\u00edcio de Florian\u00f3polis.<\/p>\n<p><strong>1942<br \/>\n<\/strong>Ava\u00ed Campe\u00e3o Citadino de Florian\u00f3polis, aplicando na decis\u00e3o do campeonato uma goleada de 10 x 2 na equipe do Figueirense.<\/p>\n<p><strong>1942<\/strong><br \/>\nCom Adolfinho no gol e um ataque com Nizeta e Saul, o Ava\u00ed alcan\u00e7a o sexto t\u00edtulo estadual, ao vencer o Am\u00e9rica de Joinville na decis\u00e3o por WO. A equipe joinvilense alegou que grande parte dos seus atletas estava \u00e0 servi\u00e7o do Ex\u00e9rcito e n\u00e3o poderiam jogar porque est\u00e1vamos em plena Segunda Guerra Mundial.<br \/>\nTime &#8211; Adolfinho, Fateco, Chocolate, Diamantino, Beck, Henrique, Felipinho, Nizeta, Br\u00e1ulio, Ti\u00e3o e Saul.<\/p>\n<p><strong>1943<br \/>\n<\/strong>Ava\u00ed Bi-campe\u00e3o do Torneio In\u00edcio de Florian\u00f3polis.<\/p>\n<p><strong>1943<\/strong><br \/>\nAva\u00ed Bi-campe\u00e3o Citadino de Florian\u00f3polis.<\/p>\n<p align=\"justify\"><strong>23 de janeiro de 1944<br \/>\n<\/strong>O Ava\u00ed derrota o Am\u00e9rica de Joinville por 14&#215;3 na final do Campeonato Catarinense de 1943. \u00c9 a maior goleada da hist\u00f3ria em finais de Campeonato Catarinense.O time era formado por\u00a0 Adolfinho, Fateco, Diamantino,Chocolate, Beck, Henrique, Felipinho, Nizeta, Br\u00e1ulio, Ti\u00e3o e Saul.<\/p>\n<p><strong>1944<br \/>\n<\/strong>Ava\u00ed Tri-campe\u00e3o do Torneio In\u00edcio de Florian\u00f3polis.<\/p>\n<p><strong>1944<\/strong><br \/>\nAva\u00ed Tri-campe\u00e3o Citadino de Florian\u00f3polis.<\/p>\n<p><strong>1944<br \/>\n<\/strong>Ava\u00ed Tri-campe\u00e3o estadual de futebol, chegando em 2\u00ba lugar a equipe do Marc\u00edlio Dias de Itaja\u00ed.<br \/>\nTime &#8211; Adolfinho, Fateco, Chocolate, Beck, Felipinho, Aldo Nunes, Labetinha, Nizeta, Br\u00e1ulio, Ti\u00e3o e Saul.<\/p>\n<p><strong>1945<\/strong><br \/>\nAva\u00ed Tetra-campe\u00e3o Citadino de Florian\u00f3polis.<\/p>\n<p><strong>1945<br \/>\n<\/strong>O Ava\u00ed aplica a goleada de 21 a 3 no Paula Ramos. O placar est\u00e1 registrado no Livro Guiness dos Recordes como uma das maiores goleadas do futebol brasileiro. Os gols do Ava\u00ed foram marcados por Sapinho( 6 ), Felipinho ( 5 ), Saul ( 5 ), Nizeta ( 3 ), Jacinto ( 1 ) e Ti\u00e3o ( 1 ).<\/p>\n<p><strong>10 de fevereiro de 1946<br \/>\n<\/strong>O Ava\u00ed derrota o Caxias de Joinville por 9 x 2 na final do Campeonato Catarinense de 1945 e conquista o tetracampeonato estadual, feito in\u00e9dito entre clubes de Santa Catarina naquela \u00e9poca, com os seguintes jogadores: Adolfinho, Fateco, Tavinho, Felipinho, Chocolate, Aldo Nunes, Zachi, Nizeta, Br\u00e1ulio, Ti\u00e3o e Saul.<\/p>\n<p><strong>1946<br \/>\n<\/strong>Ava\u00ed campe\u00e3o do Torneio In\u00edcio.<\/p>\n<p><strong>1946<\/strong><br \/>\nA Federa\u00e7\u00e3o Catarinense de Futebol resolve prestigiar o Campeonato Brasileiro de Sele\u00e7\u00f5es e pela 2\u00aa vez na hist\u00f3ria n\u00e3o \u00e9 realizado o campeonato estadual.<\/p>\n<p><strong>1947<br \/>\n<\/strong>Ava\u00ed Vice-campe\u00e3o Citadino de Florian\u00f3polis.<\/p>\n<p><strong>1948<\/strong><br \/>\nAva\u00ed Vice-campe\u00e3o do Torneio In\u00edcio de Florian\u00f3polis.<\/p>\n<p><strong>1948<br \/>\n<\/strong>Ava\u00ed Vice-campe\u00e3o Citadino de Florian\u00f3polis.<\/p>\n<p><strong>1949<br \/>\n<\/strong>Ava\u00ed Vice-campe\u00e3o do Torneio In\u00edcio de Florian\u00f3polis.<\/p>\n<p><strong>1949<\/strong><br \/>\nAva\u00ed Campe\u00e3o Citadino de Florian\u00f3polis.<\/p>\n<p><strong>1949<\/strong><br \/>\nO Ava\u00ed conquista o Vice-campeonato estadual de futebol, perdendo o t\u00edtulo para o Ol\u00edmpico de Blumenau. A equipe base foi formada por Adolfinho, Honduras, Danda, Guido, Boos, Jair, Bem-te-vi, Nizeta, Britinho, Niltinho e Saul.<\/p>\n","protected":false},"excerpt":{"rendered":"<p>&nbsp; Hist\u00f3ria Azurra 1940 \u00e0 1949 1940 Ava\u00ed Campe\u00e3o Citadino de Florian\u00f3polis. 1940 Vice-campe\u00e3o estadual, perdendo o t\u00edtulo para o Ypiranga de S\u00e3o Francisco do Sul. Time : Joel, Guarita, Diamantino, L\u00e9o, Proc\u00f3pio, Borbinha, Shuermann, Amorim, Nizeta, China, Fornerolli e Saul. 1942 Ava\u00ed Campe\u00e3o do Torneio In\u00edcio de Florian\u00f3polis. 1942 Ava\u00ed Campe\u00e3o Citadino de Florian\u00f3polis, [&hellip;]<\/p>\n","protected":false},"author":1,"featured_media":0,"parent":3066,"menu_order":3,"comment_status":"open","ping_status":"open","template":"","meta":{"footnotes":""},"class_list":["post-3072","page","type-page","status-publish","hentry"],"_links":{"self":[{"href":"https:\/\/www.souavaiano.com.br\/v8\/wp-json\/wp\/v2\/pages\/3072","targetHints":{"allow":["GET"]}}],"collection":[{"href":"https:\/\/www.souavaiano.com.br\/v8\/wp-json\/wp\/v2\/pages"}],"about":[{"href":"https:\/\/www.souavaiano.com.br\/v8\/wp-json\/wp\/v2\/types\/page"}],"author":[{"embeddable":true,"href":"https:\/\/www.souavaiano.com.br\/v8\/wp-json\/wp\/v2\/users\/1"}],"replies":[{"embeddable":true,"href":"https:\/\/www.souavaiano.com.br\/v8\/wp-json\/wp\/v2\/comments?post=3072"}],"version-history":[{"count":3,"href":"https:\/\/www.souavaiano.com.br\/v8\/wp-json\/wp\/v2\/pages\/3072\/revisions"}],"predecessor-version":[{"id":3076,"href":"https:\/\/www.souavaiano.com.br\/v8\/wp-json\/wp\/v2\/pages\/3072\/revisions\/3076"}],"up":[{"embeddable":true,"href":"https:\/\/www.souavaiano.com.br\/v8\/wp-json\/wp\/v2\/pages\/3066"}],"wp:attachment":[{"href":"https:\/\/www.souavaiano.com.br\/v8\/wp-json\/wp\/v2\/media?parent=3072"}],"curies":[{"name":"wp","href":"https:\/\/api.w.org\/{rel}","templated":true}]}}