{"id":3070,"date":"2012-03-24T01:51:26","date_gmt":"2012-03-24T04:51:26","guid":{"rendered":"http:\/\/www.souavaiano.com.br\/v8\/?page_id=3070"},"modified":"2012-03-24T01:51:26","modified_gmt":"2012-03-24T04:51:26","slug":"1930-a-1939","status":"publish","type":"page","link":"https:\/\/www.souavaiano.com.br\/v8\/memoria-avaiana\/historia-azurra\/1930-a-1939\/","title":{"rendered":"1930 \u00e0 1939"},"content":{"rendered":"<p>&nbsp;<\/p>\n<p align=\"center\"><strong>Hist\u00f3ria Azurra<\/strong><\/p>\n<p align=\"center\"><strong>1930 \u00e0 1939<\/strong><\/p>\n<p align=\"justify\"><strong>11 de mar\u00e7o de 1930<br \/>\n<\/strong>Reinaugurado o Campo da Liga, que passou a denominar-se est\u00e1dio Adolfo Konder, em homenagem ao Governador do Estado e que seria o palco das maiores gl\u00f3rias avaianas.<\/p>\n<p><strong>11 de mar\u00e7o de 1930<\/strong><br \/>\nO Avahy vence o Tamandar\u00e9 por 3 a 0 e o avaiano Sabas marca o primeiro gol no est\u00e1dio Adolfo Konder.<\/p>\n<p><strong>1930<\/strong><br \/>\nAvahy Campe\u00e3o Citadino de Florian\u00f3polis.<\/p>\n<p><strong>8 de setembro de 1931<br \/>\n<\/strong>Na Rua Conselheiro Mafra, n\u00ba 10, \u00e0s 17 horas, o Avahy inaugura sua sede social. O local contava com um amplo sal\u00e3o, espa\u00e7o para jogos e servi\u00e7o de botequim.<\/p>\n<p><strong>1931<br \/>\n<\/strong>Avahy Vice-campe\u00e3o do Torneio In\u00edcio de Florian\u00f3polis.<\/p>\n<p><strong>1931<\/strong><br \/>\nAvahy Vice-campe\u00e3o Citadino de Florian\u00f3polis.<\/p>\n<p><strong>1932<br \/>\n<\/strong> Avahy Vice-campe\u00e3o do Torneio In\u00edcio de Florian\u00f3polis.<\/p>\n<p><strong>1932<br \/>\n<\/strong>Avahy Vice-campe\u00e3o Citadino de Florian\u00f3polis.<\/p>\n<p><strong>1933<br \/>\n<\/strong>Avahy Campe\u00e3o do Torneio In\u00edcio de Florian\u00f3polis.<\/p>\n<p><strong>1933<\/strong><br \/>\nA Federa\u00e7\u00e3o suspende o campeonato estadual.<\/p>\n<p><strong>1936<\/strong><br \/>\nAvahy Campe\u00e3o do Torneio In\u00edcio de Florian\u00f3polis.<\/p>\n<p><strong>1937<\/strong><br \/>\nAvahy Vice-campe\u00e3o do Torneio In\u00edcio de Florian\u00f3polis.<\/p>\n<p><strong>1937<\/strong><br \/>\nAvahy Vice-campe\u00e3o Citadino de Florian\u00f3polis.<\/p>\n<p><strong>22 de fevereiro de 1938<br \/>\n<\/strong>O Ava\u00ed aplica a inesquec\u00edvel goleada de 11 a 2 sobre o Figueirense. O time azurra jogou com Vilain, Vadico, Aquino, Z\u00e9, Proc\u00f3pio, Botelho, Galego (S\u00edlvio), Sapinho, Nizeta (Saul), Fornerolli e Pacheco. Sapinho, com 4 gols, Proc\u00f3pio com 2, Galego, Pacheco, Saul, Nizeta e S\u00edlvio com 1 gol cada, foram os artilheiros do Ava\u00ed na partida.<\/p>\n<p><strong>1938<\/strong><br \/>\nAva\u00ed Campe\u00e3o do Torneio In\u00edcio de Florian\u00f3polis.<\/p>\n<p><strong>1938<br \/>\n<\/strong>Ava\u00ed Campe\u00e3o Citadino de Florian\u00f3polis.<\/p>\n<p><strong>1939<br \/>\n<\/strong>Ava\u00ed Vice-campe\u00e3o Citadino de Florian\u00f3polis.<\/p>\n<p>1<strong>6 de dezembro de 1939<\/strong><br \/>\n\u00c9 realizado o 1\u00ba jogo noturno em Santa Catarina.<\/p>\n","protected":false},"excerpt":{"rendered":"<p>&nbsp; Hist\u00f3ria Azurra 1930 \u00e0 1939 11 de mar\u00e7o de 1930 Reinaugurado o Campo da Liga, que passou a denominar-se est\u00e1dio Adolfo Konder, em homenagem ao Governador do Estado e que seria o palco das maiores gl\u00f3rias avaianas. 11 de mar\u00e7o de 1930 O Avahy vence o Tamandar\u00e9 por 3 a 0 e o avaiano [&hellip;]<\/p>\n","protected":false},"author":1,"featured_media":0,"parent":3066,"menu_order":2,"comment_status":"open","ping_status":"open","template":"","meta":{"footnotes":""},"class_list":["post-3070","page","type-page","status-publish","hentry"],"_links":{"self":[{"href":"https:\/\/www.souavaiano.com.br\/v8\/wp-json\/wp\/v2\/pages\/3070","targetHints":{"allow":["GET"]}}],"collection":[{"href":"https:\/\/www.souavaiano.com.br\/v8\/wp-json\/wp\/v2\/pages"}],"about":[{"href":"https:\/\/www.souavaiano.com.br\/v8\/wp-json\/wp\/v2\/types\/page"}],"author":[{"embeddable":true,"href":"https:\/\/www.souavaiano.com.br\/v8\/wp-json\/wp\/v2\/users\/1"}],"replies":[{"embeddable":true,"href":"https:\/\/www.souavaiano.com.br\/v8\/wp-json\/wp\/v2\/comments?post=3070"}],"version-history":[{"count":1,"href":"https:\/\/www.souavaiano.com.br\/v8\/wp-json\/wp\/v2\/pages\/3070\/revisions"}],"predecessor-version":[{"id":3071,"href":"https:\/\/www.souavaiano.com.br\/v8\/wp-json\/wp\/v2\/pages\/3070\/revisions\/3071"}],"up":[{"embeddable":true,"href":"https:\/\/www.souavaiano.com.br\/v8\/wp-json\/wp\/v2\/pages\/3066"}],"wp:attachment":[{"href":"https:\/\/www.souavaiano.com.br\/v8\/wp-json\/wp\/v2\/media?parent=3070"}],"curies":[{"name":"wp","href":"https:\/\/api.w.org\/{rel}","templated":true}]}}