{"id":3068,"date":"2012-03-24T01:48:46","date_gmt":"2012-03-24T04:48:46","guid":{"rendered":"http:\/\/www.souavaiano.com.br\/v8\/?page_id=3068"},"modified":"2012-03-24T01:48:46","modified_gmt":"2012-03-24T04:48:46","slug":"1923-a-1929","status":"publish","type":"page","link":"https:\/\/www.souavaiano.com.br\/v8\/memoria-avaiana\/historia-azurra\/1923-a-1929\/","title":{"rendered":"1923 \u00e0 1929"},"content":{"rendered":"<p>&nbsp;<\/p>\n<p align=\"center\"><strong>Hist\u00f3ria Azurra<br \/>\n<\/strong><\/p>\n<p align=\"center\"><strong>1923 \u00e0 1929<\/strong><\/p>\n<p align=\"justify\"><strong>1923<\/strong><br \/>\nUm grupo de garotos se re\u00fane para enfrentar o time do Humait\u00e1, da Pedra Grande. Utilizando camisas listradas em azul e branco, joga pela primeira vez no campo do Ba\u00fa e vence. Foi marcada uma revanche, j\u00e1 com o indicativo do nome do novo time &#8211; Independ\u00eancia.<\/p>\n<p><strong>1923<\/strong><br \/>\nUm dos jogadores do time, Arnaldo Pinto de Oliveira, achou o nome Independ\u00eancia muito grande. E como ele acabara de ler o livro Hist\u00f3ria do Brasil de Rocha Pombo, sugeriu o nome Avahy, em homenagem a uma das batalhas ocorridas na Guerra do Paraguai. Os demais jogadores aceitaram a sugest\u00e3o. E como Avahy venceram novamente o Humait\u00e1 por 2 x 1.<\/p>\n<p><strong>1\u00ba setembro de 1923<br \/>\n<\/strong>\u00c9 feita a ata de funda\u00e7\u00e3o do Avahy, com a mensalidade ficando em 10 tost\u00f5es.<\/p>\n<p><strong>1924<\/strong><br \/>\nO filho do comerciante Amadeu Horn, Luiz Ar\u00eaas Horn, cede a primeira bola ao clube rec\u00e9m-fundado. Com 16 anos de idade fez uma exig\u00eancia: queria uma vaga no time principal. Claro, ningu\u00e9m discordou.<\/p>\n<p><strong>12 de abril de 1924<br \/>\n<\/strong>O Avahy, juntamente com o Figueirense, Externato, Trabalhista, Internato e Florian\u00f3polis, fundam a LSCDT &#8211; Liga Santa Catarina de Desportos Terrestres, que viria a se transformar na Federa\u00e7\u00e3o Catarinense de Futebol.<\/p>\n<p><strong>1924<br \/>\n<\/strong>O Avahy \u00e9 Vice-campe\u00e3o do Torneio In\u00edcio de Florian\u00f3polis.<\/p>\n<p><strong>1\u00ba de setembro de 1924<\/strong><br \/>\nO Avahy comemora o seu 1\u00ba anivers\u00e1rio de funda\u00e7\u00e3o com um piquenique no campo das Camarinhas. Na 1\u00aa parte da programa\u00e7\u00e3o tivemos corrida de 100 m, corrida de saco, de dist\u00e2ncia, com ovo na colher, come-linha, etc. Na 2\u00aa parte, jogo entre as equipes do AMADEU x LOUREIRO, sendo os 2 times formados por jogadores do clube.<\/p>\n<p><strong>1924<br \/>\n<\/strong>Um ano ap\u00f3s sua funda\u00e7\u00e3o, o Ava\u00ed conquista seu primeiro t\u00edtulo estadual. \u00c9 o in\u00edcio da trajet\u00f3ria vencedora do Le\u00e3o da Ilha.\u00a0 O t\u00edtulo \u00e9 v\u00e1lido tamb\u00e9m pelo Campeonato Citadino de Florian\u00f3polis. Time &#8211; Boos, Loureiro, Zequinha, Zanzibar, Waldemar, Joel, Acioly, Maciel, Mambrini, Aroldo e Carlos Pires.<\/p>\n<p><strong>1925<\/strong><br \/>\nO Avahy \u00e9 Campe\u00e3o do Torneio In\u00edcio de Florian\u00f3polis.<\/p>\n<p><strong>1925<br \/>\n<\/strong>O Avahy \u00e9 Vice-campe\u00e3o estadual e Vice-campe\u00e3o citadino, atuando com o seguinte time : Boos, Silva, Botafogo, Elesb\u00e3o, Z\u00e9 Macaco, Joel, Zanzibar, Acioly, Frota, Aldo e Arnaldo.<\/p>\n<p><strong>1926<\/strong><br \/>\nO Avahy conquista o Bi-campeonato do Torneio In\u00edcio de Florian\u00f3polis.<\/p>\n<p><strong>1926<br \/>\n<\/strong>Utilizando a forma\u00e7\u00e3o com Boos, Aldo, Bida, Maciel, Z\u00e9 Macaco, Botafogo, Em\u00edlio, Sabas, Acioly, Nanado e Arnaldo, O Avahy conquista o Campeonato Estadual, que \u00e9 v\u00e1lido tamb\u00e9m pelo campeonato Citadino.<\/p>\n<p><strong>1927<\/strong><br \/>\nO Avahy conquista o Bi-campeonato Citadino de Florian\u00f3polis.<\/p>\n<p><strong>1927<\/strong><br \/>\nAo derrotar o Brasil de Blumenau pelo placar de 3 x 2, o Avahy conquista o Bi-campeonato Estadual. A equipe formou com:<br \/>\nBoos, Bida, Tancredo, Maciel, Elesb\u00e3o, Botafogo, Estev\u00e3o, Acioly, Sabas, Nanado e Arnaldo.<\/p>\n<p><strong>1928<br \/>\n<\/strong>O Avahy \u00e9 Tri-campe\u00e3o Citadino de Florian\u00f3polis.<\/p>\n<p><strong>1928<\/strong><br \/>\nO Avahy conquista o campeonato catarinense, passando a ser o primeiro clube Tri-campe\u00e3o estadual. A final foi disputada e vencida contra o Brasil de Blumenau, com o placar finalizando em 4 x 1. Os campe\u00f5es foram : Boos, Bida, Filomeno, Z\u00e9 Macaco, Elesb\u00e3o, Botafogo, Joel, Edgar, Periquito, Sabas, Nanado e Arnando.<\/p>\n<p><strong>1929<br \/>\n<\/strong>Pela 1\u00aa vez o t\u00edtulo estadual n\u00e3o fica na Capital, sagrando-se Campe\u00e3o o Caxias de Joinville. Das 5 conquistas anteriores, 4 foram obtidas pelo Avahy e 1 pelo Externato.<\/p>\n","protected":false},"excerpt":{"rendered":"<p>&nbsp; Hist\u00f3ria Azurra 1923 \u00e0 1929 1923 Um grupo de garotos se re\u00fane para enfrentar o time do Humait\u00e1, da Pedra Grande. Utilizando camisas listradas em azul e branco, joga pela primeira vez no campo do Ba\u00fa e vence. Foi marcada uma revanche, j\u00e1 com o indicativo do nome do novo time &#8211; Independ\u00eancia. 1923 [&hellip;]<\/p>\n","protected":false},"author":1,"featured_media":0,"parent":3066,"menu_order":1,"comment_status":"open","ping_status":"open","template":"","meta":{"footnotes":""},"class_list":["post-3068","page","type-page","status-publish","hentry"],"_links":{"self":[{"href":"https:\/\/www.souavaiano.com.br\/v8\/wp-json\/wp\/v2\/pages\/3068","targetHints":{"allow":["GET"]}}],"collection":[{"href":"https:\/\/www.souavaiano.com.br\/v8\/wp-json\/wp\/v2\/pages"}],"about":[{"href":"https:\/\/www.souavaiano.com.br\/v8\/wp-json\/wp\/v2\/types\/page"}],"author":[{"embeddable":true,"href":"https:\/\/www.souavaiano.com.br\/v8\/wp-json\/wp\/v2\/users\/1"}],"replies":[{"embeddable":true,"href":"https:\/\/www.souavaiano.com.br\/v8\/wp-json\/wp\/v2\/comments?post=3068"}],"version-history":[{"count":1,"href":"https:\/\/www.souavaiano.com.br\/v8\/wp-json\/wp\/v2\/pages\/3068\/revisions"}],"predecessor-version":[{"id":3069,"href":"https:\/\/www.souavaiano.com.br\/v8\/wp-json\/wp\/v2\/pages\/3068\/revisions\/3069"}],"up":[{"embeddable":true,"href":"https:\/\/www.souavaiano.com.br\/v8\/wp-json\/wp\/v2\/pages\/3066"}],"wp:attachment":[{"href":"https:\/\/www.souavaiano.com.br\/v8\/wp-json\/wp\/v2\/media?parent=3068"}],"curies":[{"name":"wp","href":"https:\/\/api.w.org\/{rel}","templated":true}]}}