{"id":3064,"date":"2012-03-24T01:44:08","date_gmt":"2012-03-24T04:44:08","guid":{"rendered":"http:\/\/www.souavaiano.com.br\/v8\/?page_id=3064"},"modified":"2012-03-24T03:04:00","modified_gmt":"2012-03-24T06:04:00","slug":"obrigado-pioneiros","status":"publish","type":"page","link":"https:\/\/www.souavaiano.com.br\/v8\/memoria-avaiana\/obrigado-pioneiros\/","title":{"rendered":"Obrigado Pioneiros"},"content":{"rendered":"<p>&nbsp;<\/p>\n<p>1923<\/p>\n<p align=\"left\">Se o tempo estava bom, se havia vento sul, n\u00e3o sabemos. Se por\u00e9m, o vento n\u00e3o soprou, algu\u00e9m o f\u00eaz no ouvido de algu\u00e9m.<\/p>\n<p align=\"left\">&#8220;V\u00e3o fazer um time novo!&#8221;<\/p>\n<p align=\"left\">Isto era coisa do Horn, do Oliveira, do Joel, do Pereira, do Carreir\u00e3o, do Freta, do Mambrini, e de muitos outros.<\/p>\n<p align=\"left\">Reuniu-se o pessoal. Um nome para o clube ? Ainda n\u00e3o era importante. Importante era jogar&#8230; e ganhar.<\/p>\n<p align=\"left\">O j\u00f4go foi contra o Humait\u00e1 da Pedra Grande. O campo era o &#8220;Ba\u00fa&#8221;. Os dois quadros n\u00e3o viam os extremos. Isto \u00e9, um goleiro n\u00e3o via o outro pois o centro do &#8220;gramado&#8221; era um morro. Mas, que importava? E o Humait\u00e1 perdeu. Nem \u00e9 preciso dizer que a festan\u00e7a foi grande.<\/p>\n<p align=\"left\">Mas est\u00e1 dito.<\/p>\n<p align=\"left\">Depois veio o segundo j\u00f4go. Ainda contra o Humait\u00e1. E j\u00e1 havia uma sugest\u00e3o para o nome : Independ\u00eancia. Oliveira (Arnaldo) n\u00e3o concordou. J\u00e1 havia um Independ\u00eancia no Estreito.<\/p>\n<p align=\"left\">&#8220;Que tal AVAHY?&#8221; ( sic )<\/p>\n<p align=\"left\">(O Arnaldo acabara de ler &#8220;Hist\u00f3ria do Brasil&#8221; de Rocha Pombo &#8211; vai da\u00ed&#8230;)<\/p>\n<p align=\"left\">E foi aprovado.<\/p>\n<p align=\"left\">E como AVAHY jogaram e ganharam outra vez. 2 x 1. A festa foi maior do que a primeira. Claro. E foi feita a ata de funda\u00e7\u00e3o. Estatuto n\u00e3o era preciso. Mensalidade sim. 10 tost\u00f5es ( compra-se um quilo de carne com tal quantia ).<\/p>\n<p align=\"left\">Passaram muitos ventos-sul.<\/p>\n<p align=\"left\">At\u00e9 1924 D.C.<\/p>\n<p align=\"left\">Figueirense, Internato e Externato do Col\u00e9gio Catarinense, Trabalhista e AVAHY resolveram fundar a Liga. E fundaram.<\/p>\n<p align=\"left\">Da\u00ed para frente, vitorioso ou derrotado, ( em partidas, claro ) o AVAHY cresceu sempre.<\/p>\n<p align=\"left\">Foi campe\u00e3o em 24.<br \/>\nFoi primeiro tri-campe\u00e3o &#8211; municipal &#8211; 26-27-28.<br \/>\nE chegou a gl\u00f3ria. Obteve tr\u00eas campeonatos municipais.<br \/>\n9 v\u00eazes campe\u00e3o do Estado.<br \/>\n\u00danico no Estado a obter um tetra-campeonato ( 42, 43, 44, 45 ).<\/p>\n<p align=\"left\">E continua a crescer.<\/p>\n<p align=\"left\">O passado nos lembra suas primeiras figuras :<\/p>\n<p align=\"left\">Amadeu Horn<br \/>\nArnaldo de Oliveira<br \/>\nOsvaldo Rodrigues Pereira<br \/>\nNestor Carreir\u00e3o<br \/>\nLuiz Ar\u00eaas Horn<br \/>\nJoel Souza<br \/>\nCarlos Pires<br \/>\nArtur Mambrini Filho<br \/>\nWaldemar Alves<br \/>\nJo\u00e3o Lobo<br \/>\nJos\u00e9 Fal\u00e7\u00e3o da Freta<br \/>\nDurval<br \/>\nWalter Lange<br \/>\nJos\u00e9 Silva<br \/>\nAccioli Vieira<br \/>\nFernando Cleto Duarte<br \/>\nDonato Mello<br \/>\nCastro Madeira<\/p>\n<p align=\"left\">Tantos e tantos outros. Que fizeram o Ava\u00ed ser.<\/p>\n<p align=\"left\">47 anos depois, s\u00f3 resta voltar os olhos ao passado e dizer :<\/p>\n<p align=\"left\">Obrigado pioneiros !<\/p>\n<p align=\"left\"><span style=\"color: #888888;\"><em> (texto original extra\u00eddo da revista Catarin\u00e3o &#8211; 70, n\u00famero 2, junho de 1970)<\/em><\/span><\/p>\n","protected":false},"excerpt":{"rendered":"<p>&nbsp; 1923 Se o tempo estava bom, se havia vento sul, n\u00e3o sabemos. Se por\u00e9m, o vento n\u00e3o soprou, algu\u00e9m o f\u00eaz no ouvido de algu\u00e9m. &#8220;V\u00e3o fazer um time novo!&#8221; Isto era coisa do Horn, do Oliveira, do Joel, do Pereira, do Carreir\u00e3o, do Freta, do Mambrini, e de muitos outros. Reuniu-se o pessoal. [&hellip;]<\/p>\n","protected":false},"author":1,"featured_media":0,"parent":3058,"menu_order":2,"comment_status":"open","ping_status":"closed","template":"","meta":{"footnotes":""},"class_list":["post-3064","page","type-page","status-publish","hentry"],"_links":{"self":[{"href":"https:\/\/www.souavaiano.com.br\/v8\/wp-json\/wp\/v2\/pages\/3064","targetHints":{"allow":["GET"]}}],"collection":[{"href":"https:\/\/www.souavaiano.com.br\/v8\/wp-json\/wp\/v2\/pages"}],"about":[{"href":"https:\/\/www.souavaiano.com.br\/v8\/wp-json\/wp\/v2\/types\/page"}],"author":[{"embeddable":true,"href":"https:\/\/www.souavaiano.com.br\/v8\/wp-json\/wp\/v2\/users\/1"}],"replies":[{"embeddable":true,"href":"https:\/\/www.souavaiano.com.br\/v8\/wp-json\/wp\/v2\/comments?post=3064"}],"version-history":[{"count":4,"href":"https:\/\/www.souavaiano.com.br\/v8\/wp-json\/wp\/v2\/pages\/3064\/revisions"}],"predecessor-version":[{"id":3117,"href":"https:\/\/www.souavaiano.com.br\/v8\/wp-json\/wp\/v2\/pages\/3064\/revisions\/3117"}],"up":[{"embeddable":true,"href":"https:\/\/www.souavaiano.com.br\/v8\/wp-json\/wp\/v2\/pages\/3058"}],"wp:attachment":[{"href":"https:\/\/www.souavaiano.com.br\/v8\/wp-json\/wp\/v2\/media?parent=3064"}],"curies":[{"name":"wp","href":"https:\/\/api.w.org\/{rel}","templated":true}]}}