{"id":3045,"date":"2012-03-24T01:19:45","date_gmt":"2012-03-24T04:19:45","guid":{"rendered":"http:\/\/www.souavaiano.com.br\/v8\/?page_id=3045"},"modified":"2012-03-24T01:35:07","modified_gmt":"2012-03-24T04:35:07","slug":"ex-presidentes","status":"publish","type":"page","link":"https:\/\/www.souavaiano.com.br\/v8\/avai-f-c\/ex-presidentes\/","title":{"rendered":"Ex-Presidentes"},"content":{"rendered":"<p>&nbsp;<\/p>\n<p><strong>1923 \u00e0 1926<\/strong><br \/>\nAmadeu Horn<\/p>\n<p><strong>1925<\/strong><br \/>\nAlfredo Loureiro<\/p>\n<p><strong>1926<\/strong><br \/>\nAldo Fernandes<\/p>\n<p><strong>1926 \u00e0 1941<\/strong><br \/>\nWalter Lange<\/p>\n<p><strong>1935<\/strong><br \/>\nFrancisco Ant\u00f4nio de Mello<\/p>\n<p><strong>1936<\/strong><br \/>\nAntonio Meira<\/p>\n<p><strong>1941 \u00e0 1946<\/strong><br \/>\nCelso Ramos<\/p>\n<p><strong>1946 \u00e0 1947<\/strong><br \/>\nArnaldo Dutra<\/p>\n<p><strong>1948<\/strong><br \/>\nAnt\u00f4nio Jorge Salum<\/p>\n<p><strong>1948<\/strong><br \/>\nPaulo Lange<\/p>\n<p><strong>1949 e 1959<\/strong><br \/>\nJo\u00e3o Batista Bonassis<\/p>\n<p><strong>1949 e 1952<\/strong><br \/>\nAroldo Pessi<\/p>\n<p><strong>1950 e 1959<\/strong><br \/>\nJ\u00falio Cesarino da Rosa<\/p>\n<p><strong>1951 e 1952<\/strong><br \/>\nMiguel Daux<\/p>\n<p><strong>1952 e 1953<\/strong><br \/>\nOsmar Elsi Meira<\/p>\n<p><strong>1953<\/strong><br \/>\nAdolfo Martins Camilli<\/p>\n<p><strong>1953 e 1954<\/strong><br \/>\nMiguel Herm\u00ednio Daux<\/p>\n<p><strong>1954 \u00e0 1957<\/strong><br \/>\nCelso Ramos Filho<\/p>\n<p><strong>1957<\/strong><br \/>\nBaldicero Filomeno<\/p>\n<p><strong>1957 e 1958<\/strong><br \/>\nCarlos Loureiro da Luz<\/p>\n<p><strong>1958 \u00e0 1960<\/strong><br \/>\nAbel Capella<\/p>\n<p><strong>1960<\/strong><br \/>\nFrancisco Arcanjo Grillo<\/p>\n<p><strong>1960 \u00e0 1962<\/strong><br \/>\nRubens Lange<\/p>\n<p><strong>1962 e 1963<\/strong><br \/>\nNelson Di Bernardi<\/p>\n<p><strong>1963 e 1964<\/strong><br \/>\nNicolino Tancredo<\/p>\n<p><strong>1964 \u00e0 1966<\/strong><br \/>\nFernando Jos\u00e9 Caldeira Bastos<\/p>\n<p><strong>1966 \u00e0 1968<\/strong><br \/>\nSaul Oliveira<\/p>\n<p><strong>1968 e 1969<\/strong><br \/>\nWalmor Gomes Soares<\/p>\n<p><strong>1970 \u00e0 1971<\/strong><br \/>\nJos\u00e9 Amorim<\/p>\n<p><strong>1972<\/strong><br \/>\nJorge Daux Filho<\/p>\n<p><strong>1972 \u00e0 1973<\/strong><br \/>\nFernando Jos\u00e9 Caldeira Bastos<\/p>\n<p><strong>1973<\/strong><br \/>\nIrineu Comelli J\u00fanior<\/p>\n<p><strong>1974 \u00e0 1976<\/strong><br \/>\nJo\u00e3o Salum<\/p>\n<p><strong>1977 e 1978<\/strong><br \/>\nLuiz Carlos Esp\u00edndola<\/p>\n<p><strong>1978<\/strong><br \/>\nTertuliano Xavier de Brito<\/p>\n<p><strong>1979 e 1980<\/strong><br \/>\nJos\u00e9 Nazareno Vieira<\/p>\n<p><strong>1980 \u00e0 1981<\/strong><br \/>\nJo\u00e3o Salum<\/p>\n<p><strong>1981<\/strong><br \/>\nCairo Bueno de Oliveira<\/p>\n<p><strong>1982 \u00e0 1983<\/strong><br \/>\nJo\u00e3o Salum<\/p>\n<p><strong>1984 \u00e0 1985<\/strong><br \/>\nJos\u00e9 Caldeira Ferreira Bastos<\/p>\n<p><strong>1986 \u00e0 1987<\/strong><br \/>\nD\u00e9cio Girardi<\/p>\n<p><strong>1988 \u00e0 1989<\/strong><br \/>\nN\u00edlson Fid\u00e9lis<\/p>\n<p><strong>1990<\/strong><br \/>\nUbiratan Cust\u00f3dio<\/p>\n<p><strong>1990 e 1991<\/strong><br \/>\nPaulino Schmitz<\/p>\n<p><strong>11.1991 e 03.1992<\/strong><br \/>\nM\u00e1rio C\u00e9sar Campos<\/p>\n<p><strong>03.1992 \u00e0 01.1993<\/strong><br \/>\nDilmo Pires<\/p>\n<p><strong>1992 \u00e0 1993<\/strong><br \/>\nN\u00edlson Fid\u00e9lis<\/p>\n<p><strong>01.1993 \u00e0 04.1993<\/strong><br \/>\nAdemar Ascendino Cunha<\/p>\n<p><strong>05.1993<\/strong><br \/>\nNereu do Vale Pereira<\/p>\n<p><strong>1994<\/strong><br \/>\nN\u00edlton Dion\u00edsio da Silva<\/p>\n<p><strong>1995 e 1996<\/strong><br \/>\nGerson Ant\u00f4nio Basso<\/p>\n<p><strong>1997 \u00e0 1999<\/strong><br \/>\nFl\u00e1vio Ricardo F\u00e9lix<\/p>\n<p><strong>08.09.1999 \u00e0 06.12.1999<\/strong><br \/>\nFernando Caldeira Bastos<\/p>\n<p><strong>06.12.1999 \u00e0 11.07.2000<\/strong><br \/>\nJos\u00e9 Caldeira Bastos<\/p>\n<p><strong>12.07.2000 \u00e0 10.08.2000<\/strong><br \/>\nLourival Amorim<\/p>\n<p><strong>11.08.2000 \u00e0 14.01.2002<\/strong><br \/>\nFl\u00e1vio Ricardo F\u00e9lix<\/p>\n<p>&nbsp;<\/p>\n<p>&nbsp;<\/p>\n<p>&nbsp;<\/p>\n<p>&nbsp;<\/p>\n<p>&nbsp;<\/p>\n<p>&nbsp;<\/p>\n<p>&nbsp;<\/p>\n","protected":false},"excerpt":{"rendered":"<p>&nbsp; 1923 \u00e0 1926 Amadeu Horn 1925 Alfredo Loureiro 1926 Aldo Fernandes 1926 \u00e0 1941 Walter Lange 1935 Francisco Ant\u00f4nio de Mello 1936 Antonio Meira 1941 \u00e0 1946 Celso Ramos 1946 \u00e0 1947 Arnaldo Dutra 1948 Ant\u00f4nio Jorge Salum 1948 Paulo Lange 1949 e 1959 Jo\u00e3o Batista Bonassis 1949 e 1952 Aroldo Pessi 1950 e [&hellip;]<\/p>\n","protected":false},"author":1,"featured_media":0,"parent":2822,"menu_order":5,"comment_status":"open","ping_status":"open","template":"","meta":{"footnotes":""},"class_list":["post-3045","page","type-page","status-publish","hentry"],"_links":{"self":[{"href":"https:\/\/www.souavaiano.com.br\/v8\/wp-json\/wp\/v2\/pages\/3045","targetHints":{"allow":["GET"]}}],"collection":[{"href":"https:\/\/www.souavaiano.com.br\/v8\/wp-json\/wp\/v2\/pages"}],"about":[{"href":"https:\/\/www.souavaiano.com.br\/v8\/wp-json\/wp\/v2\/types\/page"}],"author":[{"embeddable":true,"href":"https:\/\/www.souavaiano.com.br\/v8\/wp-json\/wp\/v2\/users\/1"}],"replies":[{"embeddable":true,"href":"https:\/\/www.souavaiano.com.br\/v8\/wp-json\/wp\/v2\/comments?post=3045"}],"version-history":[{"count":10,"href":"https:\/\/www.souavaiano.com.br\/v8\/wp-json\/wp\/v2\/pages\/3045\/revisions"}],"predecessor-version":[{"id":3055,"href":"https:\/\/www.souavaiano.com.br\/v8\/wp-json\/wp\/v2\/pages\/3045\/revisions\/3055"}],"up":[{"embeddable":true,"href":"https:\/\/www.souavaiano.com.br\/v8\/wp-json\/wp\/v2\/pages\/2822"}],"wp:attachment":[{"href":"https:\/\/www.souavaiano.com.br\/v8\/wp-json\/wp\/v2\/media?parent=3045"}],"curies":[{"name":"wp","href":"https:\/\/api.w.org\/{rel}","templated":true}]}}