{"id":3015,"date":"2012-03-24T00:17:07","date_gmt":"2012-03-24T03:17:07","guid":{"rendered":"http:\/\/www.souavaiano.com.br\/v8\/?page_id=3015"},"modified":"2012-03-24T00:32:10","modified_gmt":"2012-03-24T03:32:10","slug":"setores-f-g-h","status":"publish","type":"page","link":"https:\/\/www.souavaiano.com.br\/v8\/avai-f-c\/estadio\/setores\/setores-f-g-h\/","title":{"rendered":"Setores F G H"},"content":{"rendered":"<p>&nbsp;<\/p>\n<p><strong>Capacidade<\/strong><br \/>\nCadeiras: 3.320 espectadores<\/p>\n<p><strong>T\u00e9rreo<\/strong><br \/>\n. 1 vesti\u00e1rio da equipe visitante<br \/>\n. sala da comiss\u00e3o t\u00e9cnica<br \/>\n. sala para entrevistas<\/p>\n<p><span style=\"color: #888888;\">Fonte: www.avai.com.br<\/span><\/p>\n","protected":false},"excerpt":{"rendered":"<p>&nbsp; Capacidade Cadeiras: 3.320 espectadores T\u00e9rreo . 1 vesti\u00e1rio da equipe visitante . sala da comiss\u00e3o t\u00e9cnica . sala para entrevistas Fonte: www.avai.com.br<\/p>\n","protected":false},"author":1,"featured_media":0,"parent":3000,"menu_order":6,"comment_status":"open","ping_status":"closed","template":"","meta":{"footnotes":""},"class_list":["post-3015","page","type-page","status-publish","hentry"],"_links":{"self":[{"href":"https:\/\/www.souavaiano.com.br\/v8\/wp-json\/wp\/v2\/pages\/3015","targetHints":{"allow":["GET"]}}],"collection":[{"href":"https:\/\/www.souavaiano.com.br\/v8\/wp-json\/wp\/v2\/pages"}],"about":[{"href":"https:\/\/www.souavaiano.com.br\/v8\/wp-json\/wp\/v2\/types\/page"}],"author":[{"embeddable":true,"href":"https:\/\/www.souavaiano.com.br\/v8\/wp-json\/wp\/v2\/users\/1"}],"replies":[{"embeddable":true,"href":"https:\/\/www.souavaiano.com.br\/v8\/wp-json\/wp\/v2\/comments?post=3015"}],"version-history":[{"count":4,"href":"https:\/\/www.souavaiano.com.br\/v8\/wp-json\/wp\/v2\/pages\/3015\/revisions"}],"predecessor-version":[{"id":3044,"href":"https:\/\/www.souavaiano.com.br\/v8\/wp-json\/wp\/v2\/pages\/3015\/revisions\/3044"}],"up":[{"embeddable":true,"href":"https:\/\/www.souavaiano.com.br\/v8\/wp-json\/wp\/v2\/pages\/3000"}],"wp:attachment":[{"href":"https:\/\/www.souavaiano.com.br\/v8\/wp-json\/wp\/v2\/media?parent=3015"}],"curies":[{"name":"wp","href":"https:\/\/api.w.org\/{rel}","templated":true}]}}