{"id":3013,"date":"2012-03-24T00:15:50","date_gmt":"2012-03-24T03:15:50","guid":{"rendered":"http:\/\/www.souavaiano.com.br\/v8\/?page_id=3013"},"modified":"2012-03-24T00:30:46","modified_gmt":"2012-03-24T03:30:46","slug":"setor-e","status":"publish","type":"page","link":"https:\/\/www.souavaiano.com.br\/v8\/avai-f-c\/estadio\/setores\/setor-e\/","title":{"rendered":"Setor E"},"content":{"rendered":"<p>&nbsp;<\/p>\n<p><strong> Capacidade<\/strong><br \/>\nCadeiras: 993 espectadores<br \/>\nCamarotes: 11 camarotes<br \/>\n<strong><\/strong><\/p>\n<p><strong>T\u00e9rreo<\/strong><br \/>\n. 1 vesti\u00e1rio da categoria de base<br \/>\n. sala de avalia\u00e7\u00e3o<br \/>\n. academia<br \/>\n. departamento m\u00e9dico<br \/>\n. sala de massagem<\/p>\n<p><span style=\"color: #888888;\">Fonte: www.avai.com.br<\/span><\/p>\n<p>&nbsp;<\/p>\n","protected":false},"excerpt":{"rendered":"<p>&nbsp; Capacidade Cadeiras: 993 espectadores Camarotes: 11 camarotes T\u00e9rreo . 1 vesti\u00e1rio da categoria de base . sala de avalia\u00e7\u00e3o . academia . departamento m\u00e9dico . sala de massagem Fonte: www.avai.com.br &nbsp;<\/p>\n","protected":false},"author":1,"featured_media":0,"parent":3000,"menu_order":5,"comment_status":"open","ping_status":"open","template":"","meta":{"footnotes":""},"class_list":["post-3013","page","type-page","status-publish","hentry"],"_links":{"self":[{"href":"https:\/\/www.souavaiano.com.br\/v8\/wp-json\/wp\/v2\/pages\/3013","targetHints":{"allow":["GET"]}}],"collection":[{"href":"https:\/\/www.souavaiano.com.br\/v8\/wp-json\/wp\/v2\/pages"}],"about":[{"href":"https:\/\/www.souavaiano.com.br\/v8\/wp-json\/wp\/v2\/types\/page"}],"author":[{"embeddable":true,"href":"https:\/\/www.souavaiano.com.br\/v8\/wp-json\/wp\/v2\/users\/1"}],"replies":[{"embeddable":true,"href":"https:\/\/www.souavaiano.com.br\/v8\/wp-json\/wp\/v2\/comments?post=3013"}],"version-history":[{"count":2,"href":"https:\/\/www.souavaiano.com.br\/v8\/wp-json\/wp\/v2\/pages\/3013\/revisions"}],"predecessor-version":[{"id":3040,"href":"https:\/\/www.souavaiano.com.br\/v8\/wp-json\/wp\/v2\/pages\/3013\/revisions\/3040"}],"up":[{"embeddable":true,"href":"https:\/\/www.souavaiano.com.br\/v8\/wp-json\/wp\/v2\/pages\/3000"}],"wp:attachment":[{"href":"https:\/\/www.souavaiano.com.br\/v8\/wp-json\/wp\/v2\/media?parent=3013"}],"curies":[{"name":"wp","href":"https:\/\/api.w.org\/{rel}","templated":true}]}}