{"id":3009,"date":"2012-03-24T00:11:46","date_gmt":"2012-03-24T03:11:46","guid":{"rendered":"http:\/\/www.souavaiano.com.br\/v8\/?page_id=3009"},"modified":"2012-03-24T00:28:50","modified_gmt":"2012-03-24T03:28:50","slug":"setor-c","status":"publish","type":"page","link":"https:\/\/www.souavaiano.com.br\/v8\/avai-f-c\/estadio\/setores\/setor-c\/","title":{"rendered":"Setor C"},"content":{"rendered":"<p>&nbsp;<\/p>\n<p><strong>Capacidade<\/strong><br \/>\nCadeiras: 993 espectadores<br \/>\nCamarotes: 11 camarotes<\/p>\n<p><strong>\u00a0T\u00e9rreo<\/strong><br \/>\n&#8211; 02 vesti\u00e1rios para arbitragem, sendo 01 feminino e outro masculino<br \/>\n&#8211; departamento m\u00e9dico com sala para fisioterapia e massagem<\/p>\n<p><span style=\"color: #888888;\">Fonte: www.avai.com.br<\/span><br \/>\n<strong><\/strong><\/p>\n","protected":false},"excerpt":{"rendered":"<p>&nbsp; Capacidade Cadeiras: 993 espectadores Camarotes: 11 camarotes \u00a0T\u00e9rreo &#8211; 02 vesti\u00e1rios para arbitragem, sendo 01 feminino e outro masculino &#8211; departamento m\u00e9dico com sala para fisioterapia e massagem Fonte: www.avai.com.br<\/p>\n","protected":false},"author":1,"featured_media":0,"parent":3000,"menu_order":3,"comment_status":"open","ping_status":"open","template":"","meta":{"footnotes":""},"class_list":["post-3009","page","type-page","status-publish","hentry"],"_links":{"self":[{"href":"https:\/\/www.souavaiano.com.br\/v8\/wp-json\/wp\/v2\/pages\/3009","targetHints":{"allow":["GET"]}}],"collection":[{"href":"https:\/\/www.souavaiano.com.br\/v8\/wp-json\/wp\/v2\/pages"}],"about":[{"href":"https:\/\/www.souavaiano.com.br\/v8\/wp-json\/wp\/v2\/types\/page"}],"author":[{"embeddable":true,"href":"https:\/\/www.souavaiano.com.br\/v8\/wp-json\/wp\/v2\/users\/1"}],"replies":[{"embeddable":true,"href":"https:\/\/www.souavaiano.com.br\/v8\/wp-json\/wp\/v2\/comments?post=3009"}],"version-history":[{"count":2,"href":"https:\/\/www.souavaiano.com.br\/v8\/wp-json\/wp\/v2\/pages\/3009\/revisions"}],"predecessor-version":[{"id":3036,"href":"https:\/\/www.souavaiano.com.br\/v8\/wp-json\/wp\/v2\/pages\/3009\/revisions\/3036"}],"up":[{"embeddable":true,"href":"https:\/\/www.souavaiano.com.br\/v8\/wp-json\/wp\/v2\/pages\/3000"}],"wp:attachment":[{"href":"https:\/\/www.souavaiano.com.br\/v8\/wp-json\/wp\/v2\/media?parent=3009"}],"curies":[{"name":"wp","href":"https:\/\/api.w.org\/{rel}","templated":true}]}}