{"id":3007,"date":"2012-03-24T00:09:47","date_gmt":"2012-03-24T03:09:47","guid":{"rendered":"http:\/\/www.souavaiano.com.br\/v8\/?page_id=3007"},"modified":"2012-03-24T00:28:06","modified_gmt":"2012-03-24T03:28:06","slug":"setor-b","status":"publish","type":"page","link":"https:\/\/www.souavaiano.com.br\/v8\/avai-f-c\/estadio\/setores\/setor-b\/","title":{"rendered":"Setor B"},"content":{"rendered":"<p><strong><\/strong><br \/>\n<strong>Capacidade:<br \/>\n<\/strong>Arquibancada: 3. 321 espectadores<\/p>\n<p><strong>T\u00e9rreo<\/strong><br \/>\n. 1 vesti\u00e1rio da categoria de base<br \/>\n. salas da comiss\u00e3o t\u00e9cnica<br \/>\n. 1 vesti\u00e1rio da equipe profissional<br \/>\n. academia<br \/>\n. sala anti dopping<\/p>\n<p><span style=\"color: #888888;\">Fonte: www.avai.com.br<\/span><\/p>\n","protected":false},"excerpt":{"rendered":"<p>Capacidade: Arquibancada: 3. 321 espectadores T\u00e9rreo . 1 vesti\u00e1rio da categoria de base . salas da comiss\u00e3o t\u00e9cnica . 1 vesti\u00e1rio da equipe profissional . academia . sala anti dopping Fonte: www.avai.com.br<\/p>\n","protected":false},"author":1,"featured_media":0,"parent":3000,"menu_order":2,"comment_status":"open","ping_status":"open","template":"","meta":{"footnotes":""},"class_list":["post-3007","page","type-page","status-publish","hentry"],"_links":{"self":[{"href":"https:\/\/www.souavaiano.com.br\/v8\/wp-json\/wp\/v2\/pages\/3007","targetHints":{"allow":["GET"]}}],"collection":[{"href":"https:\/\/www.souavaiano.com.br\/v8\/wp-json\/wp\/v2\/pages"}],"about":[{"href":"https:\/\/www.souavaiano.com.br\/v8\/wp-json\/wp\/v2\/types\/page"}],"author":[{"embeddable":true,"href":"https:\/\/www.souavaiano.com.br\/v8\/wp-json\/wp\/v2\/users\/1"}],"replies":[{"embeddable":true,"href":"https:\/\/www.souavaiano.com.br\/v8\/wp-json\/wp\/v2\/comments?post=3007"}],"version-history":[{"count":2,"href":"https:\/\/www.souavaiano.com.br\/v8\/wp-json\/wp\/v2\/pages\/3007\/revisions"}],"predecessor-version":[{"id":3034,"href":"https:\/\/www.souavaiano.com.br\/v8\/wp-json\/wp\/v2\/pages\/3007\/revisions\/3034"}],"up":[{"embeddable":true,"href":"https:\/\/www.souavaiano.com.br\/v8\/wp-json\/wp\/v2\/pages\/3000"}],"wp:attachment":[{"href":"https:\/\/www.souavaiano.com.br\/v8\/wp-json\/wp\/v2\/media?parent=3007"}],"curies":[{"name":"wp","href":"https:\/\/api.w.org\/{rel}","templated":true}]}}