{"id":3002,"date":"2012-03-23T23:45:21","date_gmt":"2012-03-24T02:45:21","guid":{"rendered":"http:\/\/www.souavaiano.com.br\/v8\/?page_id=3002"},"modified":"2012-03-24T00:26:59","modified_gmt":"2012-03-24T03:26:59","slug":"setor-a","status":"publish","type":"page","link":"https:\/\/www.souavaiano.com.br\/v8\/avai-f-c\/estadio\/setores\/setor-a\/","title":{"rendered":"Setor A"},"content":{"rendered":"<p>&nbsp;<\/p>\n<p><strong><\/strong> <strong>Capacidade<\/strong><br \/>\nCadeiras: 2.778 expectadores<br \/>\nCamarotes: 333 expectadores<br \/>\nTotal: 3.111<\/p>\n<p><strong>T\u00e9rreo<\/strong><br \/>\n. 1 elevador<br \/>\n. setor administrativo<br \/>\n. refeit\u00f3rio<br \/>\n. memorial dos atletas<br \/>\n. audit\u00f3rio para coletivas de imprensa<br \/>\n. Ava\u00ed Store<br \/>\n. 2 lanchonetes<\/p>\n<p><strong>Primeiro Pavimento<\/strong><br \/>\n. alojamento para 50 atletas da categoria de base<\/p>\n<p><strong>Primeiro n\u00edvel acima da arquibancada<\/strong><br \/>\n. 14 camarotes<br \/>\n. sanit\u00e1rios adaptados<br \/>\n. 2 lanchonetes<\/p>\n<p><strong>Segundo n\u00edvel acima da arquibancada<\/strong><br \/>\n. 4 camarotes<br \/>\n. sanit\u00e1rios adaptados<br \/>\n. 16 cabines de r\u00e1dio<br \/>\n. 5 cabines de televis\u00e3o<\/p>\n<p><span style=\"color: #888888;\">Fonte: www.avai.com.br<\/span><\/p>\n<p>&nbsp;<\/p>\n","protected":false},"excerpt":{"rendered":"<p>&nbsp; Capacidade Cadeiras: 2.778 expectadores Camarotes: 333 expectadores Total: 3.111 T\u00e9rreo . 1 elevador . setor administrativo . refeit\u00f3rio . memorial dos atletas . audit\u00f3rio para coletivas de imprensa . Ava\u00ed Store . 2 lanchonetes Primeiro Pavimento . alojamento para 50 atletas da categoria de base Primeiro n\u00edvel acima da arquibancada . 14 camarotes . [&hellip;]<\/p>\n","protected":false},"author":1,"featured_media":0,"parent":3000,"menu_order":1,"comment_status":"open","ping_status":"open","template":"","meta":{"footnotes":""},"class_list":["post-3002","page","type-page","status-publish","hentry"],"_links":{"self":[{"href":"https:\/\/www.souavaiano.com.br\/v8\/wp-json\/wp\/v2\/pages\/3002","targetHints":{"allow":["GET"]}}],"collection":[{"href":"https:\/\/www.souavaiano.com.br\/v8\/wp-json\/wp\/v2\/pages"}],"about":[{"href":"https:\/\/www.souavaiano.com.br\/v8\/wp-json\/wp\/v2\/types\/page"}],"author":[{"embeddable":true,"href":"https:\/\/www.souavaiano.com.br\/v8\/wp-json\/wp\/v2\/users\/1"}],"replies":[{"embeddable":true,"href":"https:\/\/www.souavaiano.com.br\/v8\/wp-json\/wp\/v2\/comments?post=3002"}],"version-history":[{"count":6,"href":"https:\/\/www.souavaiano.com.br\/v8\/wp-json\/wp\/v2\/pages\/3002\/revisions"}],"predecessor-version":[{"id":3032,"href":"https:\/\/www.souavaiano.com.br\/v8\/wp-json\/wp\/v2\/pages\/3002\/revisions\/3032"}],"up":[{"embeddable":true,"href":"https:\/\/www.souavaiano.com.br\/v8\/wp-json\/wp\/v2\/pages\/3000"}],"wp:attachment":[{"href":"https:\/\/www.souavaiano.com.br\/v8\/wp-json\/wp\/v2\/media?parent=3002"}],"curies":[{"name":"wp","href":"https:\/\/api.w.org\/{rel}","templated":true}]}}