{"id":2989,"date":"2012-03-23T23:34:11","date_gmt":"2012-03-24T02:34:11","guid":{"rendered":"http:\/\/www.souavaiano.com.br\/v8\/?page_id=2989"},"modified":"2012-03-24T00:24:01","modified_gmt":"2012-03-24T03:24:01","slug":"visao-geral","status":"publish","type":"page","link":"https:\/\/www.souavaiano.com.br\/v8\/avai-f-c\/estadio\/visao-geral\/","title":{"rendered":"Vis\u00e3o geral"},"content":{"rendered":"<p>&nbsp;<\/p>\n<p><strong><\/strong>O Le\u00e3o da Ilha conta com um moderno est\u00e1dio, com espa\u00e7o para 17.800 mil torcedores, al\u00e9m de uma ampla estrutura para atender atletas, torcedores e a imprensa (que vai desde vesti\u00e1rios, camarotes, espa\u00e7o para imprensa e academia, estacionamento e lanchonetes). A Ressacada tamb\u00e9m possui um campo com grama especial , resistente ao frio do sul no inverno e tamb\u00e9m para o calor do ver\u00e3o;<\/p>\n<p>A Ressacada est\u00e1 em constante mudan\u00e7as e projetos que est\u00e3o em andamento, prev\u00ea que dentro de alguns anos, a capacidade do est\u00e1dio seja de 35mil torcedores, com todos os setores cobertos.<\/p>\n<p><span style=\"color: #888888;\">Fonte: www.avai.com.br<\/span><\/p>\n","protected":false},"excerpt":{"rendered":"<p>&nbsp; O Le\u00e3o da Ilha conta com um moderno est\u00e1dio, com espa\u00e7o para 17.800 mil torcedores, al\u00e9m de uma ampla estrutura para atender atletas, torcedores e a imprensa (que vai desde vesti\u00e1rios, camarotes, espa\u00e7o para imprensa e academia, estacionamento e lanchonetes). A Ressacada tamb\u00e9m possui um campo com grama especial , resistente ao frio do [&hellip;]<\/p>\n","protected":false},"author":1,"featured_media":0,"parent":2987,"menu_order":1,"comment_status":"open","ping_status":"closed","template":"","meta":{"footnotes":""},"class_list":["post-2989","page","type-page","status-publish","hentry"],"_links":{"self":[{"href":"https:\/\/www.souavaiano.com.br\/v8\/wp-json\/wp\/v2\/pages\/2989","targetHints":{"allow":["GET"]}}],"collection":[{"href":"https:\/\/www.souavaiano.com.br\/v8\/wp-json\/wp\/v2\/pages"}],"about":[{"href":"https:\/\/www.souavaiano.com.br\/v8\/wp-json\/wp\/v2\/types\/page"}],"author":[{"embeddable":true,"href":"https:\/\/www.souavaiano.com.br\/v8\/wp-json\/wp\/v2\/users\/1"}],"replies":[{"embeddable":true,"href":"https:\/\/www.souavaiano.com.br\/v8\/wp-json\/wp\/v2\/comments?post=2989"}],"version-history":[{"count":3,"href":"https:\/\/www.souavaiano.com.br\/v8\/wp-json\/wp\/v2\/pages\/2989\/revisions"}],"predecessor-version":[{"id":3024,"href":"https:\/\/www.souavaiano.com.br\/v8\/wp-json\/wp\/v2\/pages\/2989\/revisions\/3024"}],"up":[{"embeddable":true,"href":"https:\/\/www.souavaiano.com.br\/v8\/wp-json\/wp\/v2\/pages\/2987"}],"wp:attachment":[{"href":"https:\/\/www.souavaiano.com.br\/v8\/wp-json\/wp\/v2\/media?parent=2989"}],"curies":[{"name":"wp","href":"https:\/\/api.w.org\/{rel}","templated":true}]}}