{"id":2968,"date":"2012-03-23T23:10:13","date_gmt":"2012-03-24T02:10:13","guid":{"rendered":"http:\/\/www.souavaiano.com.br\/v8\/?page_id=2968"},"modified":"2012-03-23T23:10:13","modified_gmt":"2012-03-24T02:10:13","slug":"futsal","status":"publish","type":"page","link":"https:\/\/www.souavaiano.com.br\/v8\/avai-f-c\/outras-modalidades\/futsal\/","title":{"rendered":"Futsal"},"content":{"rendered":"<p>A parceria com o Lagoa Iate Clube (LIC), firmada em 2007, possibilitou ao nosso clube ter equipes de futsal nas categorias Sub-11, Sub-12, Sub-13, Sub-14 e Sub-15 e disputar os campeonatos estadual e regional. A iniciativa foi tomada para que os atletas tivessem mais benef\u00edcios treinando no Ava\u00ed, pois al\u00e9m do plano de sa\u00fade UNIMED, o LIC fez investimentos na compra de equipamentos para treino e reformou todo o est\u00e1dio.<\/p>\n<p>O professor Alex Silva (eleito o melhor treinador da categoria Sub-9, em 2006, e o melhor t\u00e9cnico das sele\u00e7\u00f5es catarinenses Sub-9 e Sub-11), \u00e9 o respons\u00e1vel pelas escolinhas de futsal.<\/p>\n<p>Recentemente, firmamos tamb\u00e9m uma parceria com o time de futsal de Ituporanga \u2013 SC e, assim, o time passa a se chamar Moitas \/ Ava\u00ed Futsal.<\/p>\n<p>E 2010 promete: nesse ano, a nossa equipe de futebol de sal\u00e3o vai participar de diversos campeonatos (Divis\u00e3o Especial de Santa Catarina, Jogos Abertos de Santa Catarina, Copa Santa Catarina de Futsal, Campeonato Sul Brasileiro de Futsal). Continuamos torcendo para que a nossa lista de conquistas s\u00f3 aumente!<\/p>\n<p><span style=\"color: #888888;\">Fonte: www.avai.com.br<\/span><br \/>\n<strong><\/strong><\/p>\n","protected":false},"excerpt":{"rendered":"<p>A parceria com o Lagoa Iate Clube (LIC), firmada em 2007, possibilitou ao nosso clube ter equipes de futsal nas categorias Sub-11, Sub-12, Sub-13, Sub-14 e Sub-15 e disputar os campeonatos estadual e regional. A iniciativa foi tomada para que os atletas tivessem mais benef\u00edcios treinando no Ava\u00ed, pois al\u00e9m do plano de sa\u00fade UNIMED, [&hellip;]<\/p>\n","protected":false},"author":1,"featured_media":0,"parent":2945,"menu_order":3,"comment_status":"open","ping_status":"open","template":"","meta":{"footnotes":""},"class_list":["post-2968","page","type-page","status-publish","hentry"],"_links":{"self":[{"href":"https:\/\/www.souavaiano.com.br\/v8\/wp-json\/wp\/v2\/pages\/2968","targetHints":{"allow":["GET"]}}],"collection":[{"href":"https:\/\/www.souavaiano.com.br\/v8\/wp-json\/wp\/v2\/pages"}],"about":[{"href":"https:\/\/www.souavaiano.com.br\/v8\/wp-json\/wp\/v2\/types\/page"}],"author":[{"embeddable":true,"href":"https:\/\/www.souavaiano.com.br\/v8\/wp-json\/wp\/v2\/users\/1"}],"replies":[{"embeddable":true,"href":"https:\/\/www.souavaiano.com.br\/v8\/wp-json\/wp\/v2\/comments?post=2968"}],"version-history":[{"count":1,"href":"https:\/\/www.souavaiano.com.br\/v8\/wp-json\/wp\/v2\/pages\/2968\/revisions"}],"predecessor-version":[{"id":2969,"href":"https:\/\/www.souavaiano.com.br\/v8\/wp-json\/wp\/v2\/pages\/2968\/revisions\/2969"}],"up":[{"embeddable":true,"href":"https:\/\/www.souavaiano.com.br\/v8\/wp-json\/wp\/v2\/pages\/2945"}],"wp:attachment":[{"href":"https:\/\/www.souavaiano.com.br\/v8\/wp-json\/wp\/v2\/media?parent=2968"}],"curies":[{"name":"wp","href":"https:\/\/api.w.org\/{rel}","templated":true}]}}