{"id":2836,"date":"2012-03-23T17:28:06","date_gmt":"2012-03-23T20:28:06","guid":{"rendered":"http:\/\/www.souavaiano.com.br\/v8\/?page_id=2836"},"modified":"2013-01-20T03:33:23","modified_gmt":"2013-01-20T05:33:23","slug":"estaduais","status":"publish","type":"page","link":"https:\/\/www.souavaiano.com.br\/v8\/avai-f-c\/titulos\/estaduais\/","title":{"rendered":"Estaduais"},"content":{"rendered":"<p>&nbsp;<\/p>\n<p><strong>15 Campeonatos Catarinenses de Futebol<br \/>\n<\/strong>1924<br \/>\n1926 1927 1928 (Tri)<br \/>\n1930<br \/>\n1942 1943 1944 1945 (Tetra)<br \/>\n1973<br \/>\n1975<br \/>\n1988<br \/>\n1997<br \/>\n2009<br \/>\n2010<br \/>\n2012<\/p>\n<p><strong>01 Campeonato Catarinense da 2\u00aa Divis\u00e3o<\/strong><br \/>\n1994<\/p>\n<p><strong>02 Ta\u00e7as Governador do Estado de Santa Catarina<\/strong><br \/>\n1983<br \/>\n1985<\/p>\n<p><strong>01 Copa Santa Catarina<br \/>\n<\/strong>1995<\/p>\n<p><strong>12 Torneios In\u00edcio<br \/>\n<\/strong>1925 1926 (Bi)<br \/>\n1933<br \/>\n1936<br \/>\n1938<br \/>\n1942 1943 1944 (Tri)<br \/>\n1946<br \/>\n1955<br \/>\n1960<br \/>\n1963<\/p>\n","protected":false},"excerpt":{"rendered":"<p>&nbsp; 15 Campeonatos Catarinenses de Futebol 1924 1926 1927 1928 (Tri) 1930 1942 1943 1944 1945 (Tetra) 1973 1975 1988 1997 2009 2010 2012 01 Campeonato Catarinense da 2\u00aa Divis\u00e3o 1994 02 Ta\u00e7as Governador do Estado de Santa Catarina 1983 1985 01 Copa Santa Catarina 1995 12 Torneios In\u00edcio 1925 1926 (Bi) 1933 1936 1938 [&hellip;]<\/p>\n","protected":false},"author":1,"featured_media":0,"parent":2832,"menu_order":2,"comment_status":"open","ping_status":"open","template":"","meta":{"footnotes":""},"class_list":["post-2836","page","type-page","status-publish","hentry"],"_links":{"self":[{"href":"https:\/\/www.souavaiano.com.br\/v8\/wp-json\/wp\/v2\/pages\/2836","targetHints":{"allow":["GET"]}}],"collection":[{"href":"https:\/\/www.souavaiano.com.br\/v8\/wp-json\/wp\/v2\/pages"}],"about":[{"href":"https:\/\/www.souavaiano.com.br\/v8\/wp-json\/wp\/v2\/types\/page"}],"author":[{"embeddable":true,"href":"https:\/\/www.souavaiano.com.br\/v8\/wp-json\/wp\/v2\/users\/1"}],"replies":[{"embeddable":true,"href":"https:\/\/www.souavaiano.com.br\/v8\/wp-json\/wp\/v2\/comments?post=2836"}],"version-history":[{"count":4,"href":"https:\/\/www.souavaiano.com.br\/v8\/wp-json\/wp\/v2\/pages\/2836\/revisions"}],"predecessor-version":[{"id":13568,"href":"https:\/\/www.souavaiano.com.br\/v8\/wp-json\/wp\/v2\/pages\/2836\/revisions\/13568"}],"up":[{"embeddable":true,"href":"https:\/\/www.souavaiano.com.br\/v8\/wp-json\/wp\/v2\/pages\/2832"}],"wp:attachment":[{"href":"https:\/\/www.souavaiano.com.br\/v8\/wp-json\/wp\/v2\/media?parent=2836"}],"curies":[{"name":"wp","href":"https:\/\/api.w.org\/{rel}","templated":true}]}}