{"id":2821,"date":"2012-03-23T17:13:02","date_gmt":"2012-03-23T20:13:02","guid":{"rendered":"http:\/\/www.souavaiano.com.br\/v8\/?page_id=2821"},"modified":"2012-03-23T17:13:02","modified_gmt":"2012-03-23T20:13:02","slug":"hino","status":"publish","type":"page","link":"https:\/\/www.souavaiano.com.br\/v8\/avai-f-c\/hino\/","title":{"rendered":"Hino"},"content":{"rendered":"<p>O hino do Ava\u00ed \u00e9, com certeza, um dos mais bonitos hinos do futebol brasileiro. A m\u00fasica de nosso saudoso Luiz Henrique Rosa completa-se com a letra do grande avaiano Fernando Bastos, que em sua \u00faltima vers\u00e3o, foi gravado em diversos r\u00edtimos diferentes: Samba, Bossa Nova, Rap, Reggae, Pop entre outros.<\/p>\n<p>A beleza da letra em harmonia com a m\u00fasica faz com que a &#8220;Na\u00e7\u00e3o Avaiana&#8221; se emocione quando canta o hino do Le\u00e3o da Ilha.<\/p>\n<p><strong>Hino do Ava\u00ed Futebol Clube<\/strong><\/p>\n<p><strong>M\u00fasica:<\/strong> Luiz Henrique Rosa<br \/>\n<strong>Letra:<\/strong> Fernando Bastos<\/p>\n<p>Na ilha formosa,<br \/>\ncheia de gra\u00e7a.<br \/>\nO time da ra\u00e7a.<br \/>\n\u00c9 povo \u00e9 gente,<br \/>\n\u00e9 bola pra frente,<br \/>\n\u00c9 s\u00f3 cora\u00e7\u00e3o<br \/>\no meu Ava\u00ed<\/p>\n<p>Ava\u00ed meu Ava\u00ed.<br \/>\nDa ilha \u00e9s o Le\u00e3o<br \/>\nAva\u00ed meu Ava\u00ed.<br \/>\nTu j\u00e1 nasceste campe\u00e3o<\/p>\n<p>N\u00e3o d\u00e1 para esquecer<br \/>\no seu belo passado<br \/>\nMas a hora \u00e9 presente<br \/>\ne o time vem quente<br \/>\nDe encontro marcado<br \/>\ncom seus dias de gl\u00f3ria<br \/>\nPois a ordem \u00e9 vit\u00f3ria<br \/>\nVencer, vencer.<\/p>\n","protected":false},"excerpt":{"rendered":"<p>O hino do Ava\u00ed \u00e9, com certeza, um dos mais bonitos hinos do futebol brasileiro. A m\u00fasica de nosso saudoso Luiz Henrique Rosa completa-se com a letra do grande avaiano Fernando Bastos, que em sua \u00faltima vers\u00e3o, foi gravado em diversos r\u00edtimos diferentes: Samba, Bossa Nova, Rap, Reggae, Pop entre outros. A beleza da letra [&hellip;]<\/p>\n","protected":false},"author":1,"featured_media":0,"parent":2822,"menu_order":3,"comment_status":"open","ping_status":"open","template":"","meta":{"footnotes":""},"class_list":["post-2821","page","type-page","status-publish","hentry"],"_links":{"self":[{"href":"https:\/\/www.souavaiano.com.br\/v8\/wp-json\/wp\/v2\/pages\/2821","targetHints":{"allow":["GET"]}}],"collection":[{"href":"https:\/\/www.souavaiano.com.br\/v8\/wp-json\/wp\/v2\/pages"}],"about":[{"href":"https:\/\/www.souavaiano.com.br\/v8\/wp-json\/wp\/v2\/types\/page"}],"author":[{"embeddable":true,"href":"https:\/\/www.souavaiano.com.br\/v8\/wp-json\/wp\/v2\/users\/1"}],"replies":[{"embeddable":true,"href":"https:\/\/www.souavaiano.com.br\/v8\/wp-json\/wp\/v2\/comments?post=2821"}],"version-history":[{"count":1,"href":"https:\/\/www.souavaiano.com.br\/v8\/wp-json\/wp\/v2\/pages\/2821\/revisions"}],"predecessor-version":[{"id":2828,"href":"https:\/\/www.souavaiano.com.br\/v8\/wp-json\/wp\/v2\/pages\/2821\/revisions\/2828"}],"up":[{"embeddable":true,"href":"https:\/\/www.souavaiano.com.br\/v8\/wp-json\/wp\/v2\/pages\/2822"}],"wp:attachment":[{"href":"https:\/\/www.souavaiano.com.br\/v8\/wp-json\/wp\/v2\/media?parent=2821"}],"curies":[{"name":"wp","href":"https:\/\/api.w.org\/{rel}","templated":true}]}}