{"id":2802,"date":"2012-03-23T15:48:12","date_gmt":"2012-03-23T18:48:12","guid":{"rendered":"http:\/\/www.souavaiano.com.br\/v8\/?page_id=2802"},"modified":"2012-03-23T16:18:04","modified_gmt":"2012-03-23T19:18:04","slug":"regimento-interno","status":"publish","type":"page","link":"https:\/\/www.souavaiano.com.br\/v8\/avai-2012\/regimento-interno\/","title":{"rendered":"Regimento Interno"},"content":{"rendered":"<p>&nbsp;<\/p>\n<p><strong>T\u00cdTULO I<\/strong><\/p>\n<p>Da jurisdi\u00e7\u00e3o<\/p>\n<p>Artigo 1\u00ba -O Ava\u00ed Futebol Clube com jurisdi\u00e7\u00e3o em Florian\u00f3polis, possui seu Conselho Deliberativo, Conselho Fiscal e Diretoria executiva.<\/p>\n<p>\u00a7 1\u00ba &#8211; A compet\u00eancia do Conselho Deliberativo \u00e9 definida por instrumento pr\u00f3prio.<br \/>\n\u00a7 2\u00ba &#8211; A compet\u00eancia do Conselho Fiscal \u00e9 definida por instrumento pr\u00f3prio.<br \/>\n\u00a7 3\u00ba &#8211; A compet\u00eancia da Diretoria Executiva est\u00e1 definida neste instrumento, com suas delibera\u00e7\u00f5es conforme denomina sua estrutura organizacional.<\/p>\n<p><strong>T\u00cdTULO II<\/strong><\/p>\n<p>Da estrutura do Ava\u00ed Futebol Clube<\/p>\n<p>Artigo 2\u00ba -A estrutura do Ava\u00ed Futebol Clube compreende os seguintes \u00f3rg\u00e3os :<br \/>\n&#8211; Presid\u00eancia;<br \/>\n&#8211; Vice-Presid\u00eancia;<br \/>\n&#8211; Diretoria de Comunica\u00e7\u00e3o;<br \/>\n&#8211; Diretoria de Futebol;<br \/>\n&#8211; Diretoria de Esporte Ol\u00edmpico;<br \/>\n&#8211; Diretoria de Patrim\u00f4nio;<br \/>\n&#8211; Diretoria Jur\u00eddica;<br \/>\n&#8211; Diretoria Social;<br \/>\n&#8211; Diretoria de Marketing e Comercializa\u00e7\u00e3o;<br \/>\n&#8211; Diretoria Administrativa;<br \/>\n&#8211; Diretoria Financeira;<\/p>\n<p><strong>T\u00cdTULO III<\/strong><\/p>\n<p>Dos \u00f3rg\u00e3os estruturais<\/p>\n<p>Cap\u00edtulo I<\/p>\n<p>Da Presid\u00eancia<\/p>\n<p>Artigo 3\u00ba -A Presid\u00eancia do Ava\u00ed Futebol Clube compete:<\/p>\n<p>1. Convocar a Assembl\u00e9ia Geral;<br \/>\n2. Convocar e presidir as reuni\u00f5es de Diretoria;<br \/>\n3. Representar o Clube em ju\u00edzo ou fora dele, podendo delegar poderes e constituir mandat\u00e1rios;<br \/>\n4. Despachar o expediente;<br \/>\n5. Rubricar todos os livros oficiais do Clube;<br \/>\n6. Autorizar, conjuntamente com o Diretor Financeiro, as despesas previstas no or\u00e7amento e ordenar os respectivos pagamentos;<br \/>\n7. Assinar com o Diretor Financeiro, os documentos de ordem financeira, inclusive cheques e\/ou ordens de pagamento;<br \/>\n8. Nomear e exonerar ou, contratar e demitir os Diretores de Departamento, observado o disposto no Artigo 53, letra \u201cC\u201d do Estatuto do Clube, estipulando-lhes os seus vencimentos, se for o caso, de conformidade com as possibilidades financeiras do Clube;<br \/>\n9. Efetuar contratos com atletas profissionais de futebol, treinadores e preparadores t\u00e9cnicos especializados, estipulando ordenados, luvas e gratifica\u00e7\u00f5es, de acordo com a possibilidade financeira do Clube, observado o disposto no Artigo 37do Estatuto do Clube;<br \/>\n10. Resolver sobre a concess\u00e3o e aquisi\u00e7\u00e3o de passes de atletas profissionais, ouvida a Diretoria, na forma do disposto do Artigo 37 do Estatuto do Clube;<br \/>\n11. Nomear e exonerar ou contratar e demitir, livremente, os assessores da Presid\u00eancia e demais funcion\u00e1rios, quando for o caso;<br \/>\n12.Resolver \u201cad-referendum\u201d da Diretoria, os assuntos urgentes e inadi\u00e1veis de interesse da Administra\u00e7\u00e3o do Clube;<br \/>\n13. Assinar contratos e ajustes em que o Clube for parte;<br \/>\n14. Conceder f\u00e9rias aos empregados administrativos.<\/p>\n<p><strong>Artigo 4\u00ba &#8211;<\/strong> Ao Vice-Presidente compete:<\/p>\n<p>1. Assessorar a Presid\u00eancia nos assuntos de naturezas t\u00e9cnicas e administrativa no \u00e2mbito de suas compet\u00eancias;<br \/>\n2. Substituir a Presid\u00eancia em suas eventuais aus\u00eancias;<br \/>\n3. Ter como compet\u00eancia, as atividades da presid\u00eancia quando de sua aus\u00eancia.<\/p>\n<p><strong>Cap\u00edtulo II<\/strong><\/p>\n<p>Diretoria de Comunica\u00e7\u00e3o<\/p>\n<p>Artigo 5\u00ba -A Diretoria de Comunica\u00e7\u00e3o compete:<\/p>\n<p>1.Planejar junto \u00e0s demais \u00e1reas o or\u00e7amento do Clube para o exerc\u00edcio ou campeonato que o clube venha a participar;<br \/>\n2. Desenvolver estrat\u00e9gias de comunica\u00e7\u00e3o de interesse do clube e apresent\u00e1-las ao Presidente do Ava\u00ed Futebol Clube para divulga\u00e7\u00e3o junto aos meios de comunica\u00e7\u00e3o e associados;<br \/>\n3. Manter o presidente do clube, ou seu representante legal, constantemente informado sobre as atividades de sua Diretoria;<br \/>\n4. Ter em sua equipe de Diretoria, profissional do meio de comunica\u00e7\u00e3o para assessor\u00e1-lo junto as suas atividades;<br \/>\n5. Propor pesquisas em comum acordo com a Diretoria Marketing e Comercializa\u00e7\u00e3o, com vista a avaliar a imagem Institucional e as caracter\u00edsticas do mercado consumidor dos produtos e servi\u00e7os oferecidos pelo Ava\u00ed.<\/p>\n<p><strong>Artigo 6\u00ba &#8211;<\/strong> Compete \u00e0 Assessoria de Imprensa:<\/p>\n<p>1. Catalogar e manter sob sua guarda os cds, fitas, jornais, revistas e fotos do Ava\u00ed Futebol Clube dos jogos oficiais ou amistosos;<br \/>\n2. Auxiliar o Departamento de Futebol a divulgar as escala\u00e7\u00f5es de times e \u00e1rbitros, bem como as demais informa\u00e7\u00f5es que interessam aos meios de comunica\u00e7\u00e3o;<br \/>\n3. Organizar, desenvolver e orientar os contatos com os meios de comunica\u00e7\u00e3o para esclarecimentos e divulga\u00e7\u00e3o de eventos ou jogos ligados ao Ava\u00ed Futebol Clube;<br \/>\n4. Programar e acompanhar as visitas nas instala\u00e7\u00f5es do Clube, prestando assist\u00eancia direta aos visitantes;<br \/>\n5. Dar assist\u00eancia a pessoas ligadas aos meios de comunica\u00e7\u00e3o e autoridades presentes no est\u00e1dio, tanto nos dias de jogos ou n\u00e3o;<br \/>\n6. Solicitar a Diretoria Administrativa credenciais para pessoas da imprensa, indicando-lhes o local que lhes for destinado durante a realiza\u00e7\u00e3o do evento;<br \/>\n7. Auxiliar a Diretoria de Marketing e Comercializa\u00e7\u00e3o na distribui\u00e7\u00e3o de brindes;<br \/>\n8. Fornecer informa\u00e7\u00f5es \u00e0 Diretoria Administrativa para alimentar a home-page do Ava\u00ed Futebol Clube;<br \/>\n9. Responsabilizar na organiza\u00e7\u00e3o de toda emiss\u00e3o de nota oficial de noticias do clube.<\/p>\n<p><strong>Cap\u00edtulo III<\/strong><\/p>\n<p>Diretoria de Futebol<\/p>\n<p>Artigo 7\u00ba -A Diretoria de Futebol compete:<\/p>\n<p>1. Planejar junto \u00e0s demais \u00e1reas o or\u00e7amento do Clube para o exerc\u00edcio ou campeonato que o clube venha a participar;<br \/>\n2. Viabilizar o plano de treinamento e plano administrativo, apresentado pela comiss\u00e3o t\u00e9cnica;<br \/>\n3. Participar das reuni\u00f5es decis\u00f3rias junto aos \u00f3rg\u00e3os ou entidades dirigentes do futebol em \u00e2mbito regional, nacional e internacional quando delegado pelo Presidente do Ava\u00ed Futebol Clube;<br \/>\n4. Verificar junto a Diretoria financeira a disponibilidade de recursos financeiros do Clube antes de fechar qualquer contrato;<br \/>\n5. Elaborar toda a programa\u00e7\u00e3o de atividades de sua \u00e1rea e inform\u00e1-las a Diretoria de Comunica\u00e7\u00e3o para entregas aos meios de comunica\u00e7\u00e3o;<br \/>\n6. Propor a Presid\u00eancia do Ava\u00ed Futebol Clube a contrata\u00e7\u00e3o ou dispensa dos profissionais ligados \u00e0 \u00e1rea de futebol;<br \/>\n7. Negociar os sal\u00e1rios, pr\u00eamios e gratifica\u00e7\u00f5es em comum acordo com as Diretorias Administrativa e Financeira e a Presid\u00eancia;<br \/>\n8. Interpretar junto as Diretorias Jur\u00eddica e de Comunica\u00e7\u00e3o \u00e0s rela\u00e7\u00f5es internas e externas de acordo com os \u00f3rg\u00e3os esportivos e normas legais vigentes;<br \/>\n9. Assinar os comunicados oficiais referentes a sua Diretoria;<br \/>\n10. Presidir reuni\u00f5es dos Departamentos profissional e amador;<br \/>\n11. Manter o presidente do clube, ou seu representante legal, constantemente informado sobre as atividades de sua Diretoria;<br \/>\n12. Estar\u00e1 sob sua responsabilidade, os Departamentos de Futebol Profissional e Amador.<\/p>\n<p><strong>Artigo 8\u00ba &#8211;<\/strong> Compete ao Departamento de Futebol Profissional:<\/p>\n<p>1. Coordenar a montagem de toda a equipe profissional sob a responsabilidade do Diretor de Futebol;<br \/>\n2. Selecionar, recrutar e contratar todos os profissionais que estar\u00e3o desenvolvendo suas atividades ligadas ao futebol profissional;<br \/>\n3. Verificar em caso de venda de atleta a credibilidade do comprador para onde o atleta estar\u00e1 se transferindo;<br \/>\n4. Estar informado sobre o mercado do futebol;<br \/>\n5. Providenciar toda documenta\u00e7\u00e3o necess\u00e1ria para registro dos atletas junto aos \u00f3rg\u00e3os competentes;<br \/>\n6. Acompanhar e controlar o andamento dos processos junto ao Tribunal de Justi\u00e7a Desportiva com a Diretoria Jur\u00eddica;<br \/>\n7. Organizar com anteced\u00eancia de 15 dias, as viagens para jogos tanto oficiais como amistosos;<br \/>\n8. Solicitar e controlar todo material esportivo entregue a rouparia da Diretoria Patrim\u00f4nio;<br \/>\n9. Repassar semanalmente as Diretorias de Comunica\u00e7\u00e3o e Administrativa a programa\u00e7\u00e3o de treino e jogo para sua divulga\u00e7\u00e3o;<br \/>\n10. Manter sob controle e constante atualiza\u00e7\u00e3o, informa\u00e7\u00f5es para a equipe t\u00e9cnica sobre os cart\u00f5es, julgamentos, mudan\u00e7a do regulamento, pontua\u00e7\u00f5es e outras informa\u00e7\u00f5es pertinentes \u00e0 \u00e1rea;<br \/>\n11. Atualizar e informar a Diretorias de Futebol, Jur\u00eddica e de Comunica\u00e7\u00e3o sobre a situa\u00e7\u00e3o do clube no campeonato, mudan\u00e7a de regulamento, situa\u00e7\u00e3o dos concorrentes e outras situa\u00e7\u00f5es que venham a ser de interesse do clube.<\/p>\n<p><strong>Artigo 9\u00ba &#8211;<\/strong> Compete ao Departamento do Futebol Amador<\/p>\n<p>1. Coordenar a montagem de toda a equipe das categorias de base sob a responsabilidade do Diretor de Futebol;<br \/>\n2. Selecionar, recrutar e contratar todos os profissionais que estar\u00e3o desenvolvendo suas atividades ligadas ao futebol de base em conson\u00e2ncia com os objetivos do futebol profissional;<br \/>\n3. Disponibilizar para atuar na equipe profissional todo atleta que sobressair na categoria de base e informando ao departamento do futebol profissional os jovens que venham crescendo de rendimento;<br \/>\n4. Providenciar toda documenta\u00e7\u00e3o necess\u00e1ria para registro dos atletas junto aos \u00f3rg\u00e3os competentes;<br \/>\n5. Acompanhar e controlar o andamento dos processos junto ao Tribunal de Justi\u00e7a Desportiva com a Diretoria Jur\u00eddica;<br \/>\n6. Organizar com anteced\u00eancia de 15 dias, as viagens para jogos tanto oficiais como amistosos, escalando com um m\u00ednimo de 48 horas de anteced\u00eancia a competi\u00e7\u00e3o os atletas efetivos e reservas que dela participar\u00e3o;<br \/>\n7. Solicitar e controlar todo material esportivo entregue a rouparia da Diretoria de Patrim\u00f4nio; Repassar semanalmente as Diretorias de Comunica\u00e7\u00e3o e Administrativa a programa\u00e7\u00e3o de treino e jogo para sua divulga\u00e7\u00e3o;<br \/>\n8. Manter sob controle e constante atualiza\u00e7\u00e3o, informa\u00e7\u00f5es para a equipe t\u00e9cnica sobre os cart\u00f5es, julgamentos, mudan\u00e7a do regulamento, pontua\u00e7\u00f5es e outras informa\u00e7\u00f5es pertinentes \u00e0 \u00e1rea;<br \/>\n9. Atualizar e informar a Diretorias de Futebol, Jur\u00eddica e de Comunica\u00e7\u00e3o sobre a situa\u00e7\u00e3o do clube no campeonato, mudan\u00e7a de regulamento, situa\u00e7\u00e3o dos concorrentes e outras situa\u00e7\u00f5es que venham a ser de interesse do clube;<br \/>\n10. Coordenar trabalhos que venham a contribuir na forma\u00e7\u00e3o do atleta para respeitar e fazer respeitar as leis esportivas, estatutos e regulamentos de campeonato e participa\u00e7\u00f5es de atividades do clube, fazendo cumprir os deveres de disciplina dentro e fora dos locais de competi\u00e7\u00e3o pelos atletas amador.<\/p>\n<p><strong>Cap\u00edtulo IV<\/strong><\/p>\n<p>Diretoria de Esportes Ol\u00edmpico<\/p>\n<p>Artigo 10\u00ba -A Diretoria de Esportes Ol\u00edmpico compete:<\/p>\n<p>1. Planejar junto \u00e0s demais \u00e1reas o or\u00e7amento do Clube para o exerc\u00edcio ou campeonato que o clube venha a participar;<br \/>\n2. Levantar as necessidades das modalidades de ciclismo, hipismo, esportes n\u00e1uticos e outras modalidades;<br \/>\n3. Buscar junto a Diretoria de Marketing e Comercializa\u00e7\u00e3o recursos financeiros para a sua viabilidade;<br \/>\n4. Manter o presidente do clube, ou seu representante legal, constantemente informado sobre as atividades de sua Diretoria;<br \/>\n5. Informar as Diretorias de Comunica\u00e7\u00e3o e Administrativa, \u00e0s atividades desenvolvidas pela equipe de esporte amador.<\/p>\n<p><strong>Cap\u00edtulo V<\/strong><\/p>\n<p>Diretoria de Patrim\u00f4nio<\/p>\n<p>Artigo 11\u00ba -A Diretoria de Patrim\u00f4nio compete:<\/p>\n<p>1. Planejar junto \u00e0s demais \u00e1reas o or\u00e7amento do Clube para o exerc\u00edcio ou campeonato que o clube venha a participar;<br \/>\n2. Manter o presidente do clube, ou seu representante legal, constantemente informado sobre as atividades de sua Diretoria;<br \/>\n3. Administrar toda manuten\u00e7\u00e3o e recupera\u00e7\u00e3o das cadeiras, dos camarotes e cabines de imprensa, hidr\u00e1ulica, el\u00e9trica e de alvenaria do est\u00e1dio da ressacada em conformidade com as necessidades do clube e normativas legais dos \u00f3rg\u00e3os competentes;<br \/>\n4. Administrar a manuten\u00e7\u00e3o do campo de futebol, bem como, o centro de treinamento do clube;<br \/>\n5. Solicitar a Diretoria Administrativa todo material necess\u00e1rio ao seu desempenho com anteced\u00eancia;<br \/>\n6. Coordenar os servi\u00e7os de vestu\u00e1rio, energia el\u00e9trica, de \u00e1gua e material esportivo nos dias de jogos junto a Diretoria de Futebol;<br \/>\n7. Manter sob sua responsabilidade os materiais adquiridos junto ao almoxarifado;<br \/>\n8. Administrar e buscar a efici\u00eancia dos servi\u00e7os de prote\u00e7\u00e3o e vigil\u00e2ncia das instala\u00e7\u00f5es, equipamentos e pessoas dentro do patrim\u00f4nio do clube;<br \/>\n9. Manter contatos com as autoridades, tais como: Pol\u00edcia Militar, Pol\u00edcia Federal e Corpo de Bombeiros para obten\u00e7\u00e3o de apoio nas atividades de seguran\u00e7a de eventos e jogos do clube;<br \/>\n10. Manter sob sua guarda bandeiras e responsabilizar se pelo ritual de hasteamento e arriamento de pavilh\u00f5es;<br \/>\n11. Manter sob sua responsabilidade a organiza\u00e7\u00e3o, o controle do material dos jogos, amistosos e treinos.<\/p>\n<p><strong>Cap\u00edtulo VI<\/strong><\/p>\n<p>Diretoria Jur\u00eddica<\/p>\n<p>Artigo 12\u00ba -A Diretoria Jur\u00eddica compete:<\/p>\n<p>1. Planejar junto \u00e0s demais \u00e1reas o or\u00e7amento do Clube para o exerc\u00edcio ou campeonato que o clube venha a participar;<br \/>\n2. Manter o presidente do clube, ou seu representante legal, constantemente informado sobre as atividades de sua Diretoria;<br \/>\n3. Orientar e assessorar os membros das Diretorias Executivas sobre todas e quaisquer mat\u00e9rias de natureza jur\u00eddica;<br \/>\n4. Examinar e orientar sobre todos os contratos em que o Ava\u00ed Futebol Clube figurar como interessado;<br \/>\n5. Organizar o corpo de advogados para defesa dos interesses do Clube junto a justi\u00e7a esportiva, trabalhista, previdenci\u00e1ria e tributaria;<br \/>\n6. Prestar assessoramento jur\u00eddico, quando solicitado ao Conselho Deliberativo e Fiscal;<br \/>\n7. Elaborar no final do exerc\u00edcio o relat\u00f3rio das atividades desenvolvidas no ano, a fim de integrar ao Relat\u00f3rio Geral;<br \/>\n8. Prevenir as Diretorias e Presid\u00eancia do clube quanto aos aspectos legais quanto a justi\u00e7a esportiva, trabalhista, previdenci\u00e1ria e tributaria.<\/p>\n<p><strong>Cap\u00edtulo VII<\/strong><\/p>\n<p>Diretoria Social<\/p>\n<p>Artigo 13\u00ba -A Diretoria Social compete:<\/p>\n<p>1. Planejar junto \u00e0s demais \u00e1reas o or\u00e7amento do Clube para o exerc\u00edcio ou campeonato que o clube venha a participar;<br \/>\n2. Manter o presidente do clube, ou seu representante legal, constantemente informado sobre as atividades de sua Diretoria;<br \/>\n3. Administrar as rela\u00e7\u00f5es de a\u00e7\u00e3o comunit\u00e1ria, de eventos e de integra\u00e7\u00e3o;<br \/>\n4. Buscar, na medida do poss\u00edvel eventos que n\u00e3o gerem despesas para o clube;<br \/>\n5. Promover a\u00e7\u00f5es junto \u00e0 comunidade com entidades que visem o crescimento do individuo como cidad\u00e3o;<br \/>\n6. Participar de eventos comunit\u00e1rios que divulguem o nome do Ava\u00ed Futebol Clube.<\/p>\n<p><strong>Cap\u00edtulo VIII<\/strong><\/p>\n<p>Diretoria de Marketing e Comercializa\u00e7\u00e3o<\/p>\n<p>Artigo 14\u00ba -A Diretoria de Marketing e Comercializa\u00e7\u00e3o compete:<\/p>\n<p>1. Planejar junto \u00e0s demais \u00e1reas o or\u00e7amento do Clube para o exerc\u00edcio ou campeonato que o clube venha a participar;<br \/>\n2. Manter o presidente do clube, ou seu representante legal, constantemente informado sobre as atividades de sua Diretoria;<br \/>\n3. Desenvolver o mix de marketing do Ava\u00ed Futebol Clube (produto, pra\u00e7a, pre\u00e7o, promo\u00e7\u00e3o);<br \/>\n4. Estabelecer estrat\u00e9gicas de marketing competitivo construindo um data base para o Ava\u00ed Futebol Clube, levando se em conta a for\u00e7a demogr\u00e1fica, econ\u00f4mica, de natureza f\u00edsica, tecnol\u00f3gica, pol\u00edtica e cultural;<br \/>\n5. Estabelecer um sistema de informa\u00e7\u00e3o de marketing junto com a Diretoria de Comunica\u00e7\u00e3o e orienta\u00e7\u00e3o \u00e0 Diretoria Administrativa;<br \/>\n6. Desenvolver os projetos do Clube considerando o princ\u00edpio do marketing socialmente respons\u00e1vel, isto \u00e9, respeitando e valorizando o s\u00f3cio e o cidad\u00e3o;<br \/>\n7. Desenvolver campanhas promocionais e publicit\u00e1rias buscando novos s\u00f3cios e fortalecendo a credibilidade dos produtos e servi\u00e7os do Ava\u00ed Futebol Clube, juntamente com as Diretorias de Comunica\u00e7\u00e3o e Administrativa;<br \/>\n8. Administrar e negociar todos os contratos de comercializa\u00e7\u00e3o de produtos, publicidade e servi\u00e7os do Ava\u00ed Futebol Clube, tendo como assessoramento as Diretorias Jur\u00eddica e Administrativa.<\/p>\n<p><strong>Cap\u00edtulo IX<\/strong><\/p>\n<p>Diretoria Administrativa<\/p>\n<p>Artigo 15\u00ba -A Diretoria Administrativa compete:<\/p>\n<p>1. Planejar junto \u00e0s demais \u00e1reas o or\u00e7amento do Clube para o exerc\u00edcio ou campeonato que o clube venha a participar;<br \/>\n2. Manter o presidente do clube, ou seu representante legal, constantemente informado sobre as atividades de sua Diretoria;<br \/>\n3. Auxiliar no controle de todos os recursos financeiros;<br \/>\n4. Manter atualizado o controle dos associados com adimpl\u00eancia e inadimpl\u00eancia, gerindo a emiss\u00e3o de bloquetos, de cartas informativas aos mesmos de sua inadimpl\u00eancia e orienta\u00e7\u00e3o para sua recupera\u00e7\u00e3o de cr\u00e9dito em conformidade com o Artigo 30 do Estatuto do Ava\u00ed Futebol Clube, com assessoramento das Diretorias Jur\u00eddica e de Marketing e Comercializa\u00e7\u00e3o;<br \/>\n5. Prover todas as \u00e1reas do clube de recursos materiais, humanos e de secretaria, cumprindo tamb\u00e9m o planejamento, controle e execu\u00e7\u00e3o \u00e0s opera\u00e7\u00f5es econ\u00f4mico- financeiro e a sua contabiliza\u00e7\u00e3o junto a Diretoria Financeira;<br \/>\n6. Prover os estudos e aconselhar a Presid\u00eancia do Ava\u00ed Futebol Clube no que tange a pol\u00edtica salarial e de cargos do clube, com assessoramento da Diretoria Jur\u00eddica;<br \/>\n7. Prover o controle administrativo do pessoal, remunera\u00e7\u00e3o e obriga\u00e7\u00f5es trabalhistas e fiscais do clube;<br \/>\n8. Administrar a realiza\u00e7\u00e3o de licita\u00e7\u00f5es e outros meios de aquisi\u00e7\u00e3o ou aliena\u00e7\u00e3o de bens materiais;<br \/>\n9. Protocolizar e controlar os arquivos de secretaria, efetuando todo controle das pastas funcionais, folha de pagamento e encargos sociais, bem como as correspond\u00eancias recebidas e expedidas e encaminhando \u00e0s respectivas Diretorias ou Presid\u00eancia;<br \/>\n10. Controlar o registro de banco de horas dos funcion\u00e1rios quando efetuarem horas trabalhadas a mais;<br \/>\n11. Promover a revis\u00e3o do or\u00e7amento junto a Diretoria Financeira sempre que novos fatos assim o exigirem, informando imediatamente a Presid\u00eancia para tomada de decis\u00e3o conjunta com demais Diretorias;<br \/>\n12. Administrar todos os direitos e deveres dos funcion\u00e1rios e jogadores, buscando o assessoramento da Diretoria Jur\u00eddica;<br \/>\n13. Controlar a entrada e sa\u00edda de jornalistas e cronistas esportivos juntamente com a Diretoria de Comunica\u00e7\u00e3o, bem como pessoal de apoio \u00e0 imprensa;<br \/>\n14. Abrir e fechar os acessos \u00e0s tribunas e camarotes, controlando o acesso dos convidados e buscando solu\u00e7\u00f5es para casos n\u00e3o previstos;<br \/>\n15. Orientar o p\u00fablico e a imprensa os caminhos adequados \u00e0 solu\u00e7\u00e3o de d\u00favidas e problemas, juntamente com a Diretoria de Comunica\u00e7\u00e3o;<br \/>\n16. Organizar a log\u00edstica de atendimento \u00e0 imprensa e convidados;<br \/>\n17. Afixar em locais vis\u00edveis as tabelas de pre\u00e7os de ingressos e demais itens de interesse do clube;<br \/>\n18. Contratar os servi\u00e7os de prote\u00e7\u00e3o e vigil\u00e2ncia das instala\u00e7\u00f5es, equipamentos e pessoas, bem como o seguro quando devido;<br \/>\n19. Manter em local apropriado todas as chaves pertencentes ao est\u00e1dio, liberando sob requisi\u00e7\u00e3o;<br \/>\n20. Administrar a recep\u00e7\u00e3o dos ingressos, bem como acompanhar a queima dos mesmos quando retirados das urnas;<br \/>\n21. Responsabilizar-se pelo asseio de todos os ambientes do clube, informando a Diretoria de Patrim\u00f4nio quando detectado a necessidade de manuten\u00e7\u00e3o do patrim\u00f4nio;<br \/>\n22. Abrir, controlar e fechar e hor\u00e1rio pr\u00e9-determinado, em dias de evento e jogo, as catracas de acesso dos empregados de bares e restaurantes;<br \/>\n23. Organizar o estacionamento fora do est\u00e1dio para melhor atender o publico;<br \/>\n24. Definir com demais Diretorias o hor\u00e1rio de abertura dos port\u00f5es, bem como das bilheterias e da secretaria para atendimento do publico e associados quando em dias de evento ou jogo;<\/p>\n<p><strong>Cap\u00edtulo IX<\/strong><\/p>\n<p>Diretoria Financeira<\/p>\n<p>Artigo 16\u00ba -A Diretoria Financeira compete:<br \/>\n1. Planejar junto \u00e0s demais \u00e1reas o or\u00e7amento do Clube para o exerc\u00edcio ou campeonato que o clube venha a participar;<br \/>\n2. Manter o presidente do clube, ou seu representante legal, constantemente informado sobre as atividades de sua Diretoria;<br \/>\n3. Administrar e supervisionar o controle de todos os recursos financeiros;<br \/>\n4. Efetuar a emiss\u00e3o dos relat\u00f3rios cont\u00e1beis mensais e anuais, bem como apropriar contabilmente as entradas e sa\u00eddas financeiras e patrimoniais do clube;<br \/>\n5. Administrar as entradas e sa\u00eddas financeiras e patrimoniais juntamente com as demais Diretorias;<br \/>\n6. Representar a Presid\u00eancia do Clube para responder de todos os assuntos cont\u00e1beis e financeiros;<br \/>\n7. Controlar a emiss\u00e3o de pagamentos atrav\u00e9s de dinheiro ou cheque, verificando o fluxo de caixa do clube;<br \/>\n8. Promover a revis\u00e3o do or\u00e7amento sempre que novos fatos assim o exigirem, informando imediatamente a Presid\u00eancia para tomada de decis\u00e3o conjunta com demais Diretorias;<\/p>\n<p><strong>T\u00cdTULO IV<\/strong><\/p>\n<p>Das disposi\u00e7\u00f5es gerais e transit\u00f3rias<\/p>\n<p>Artigo 17\u00ba -Constitui normas b\u00e1sicas de procedimentos a sistem\u00e1tica de delega\u00e7\u00e3o de poderes e a colabora\u00e7\u00e3o permanente e direta entre as diversas Diretorias, em raz\u00e3o dos objetivos do Ava\u00ed Futebol Clube.<\/p>\n<p><strong>Artigo 18 &#8211;<\/strong> As quest\u00f5es que n\u00e3o est\u00e3o definidas neste Regimento, ser\u00e3o dirimidas em comum acordo entre as Diretorias com a defini\u00e7\u00e3o da Presid\u00eancia executiva.<\/p>\n<p><em><strong>Este Regimento foi aprovado em reuni\u00e3o do Conselho Deliberativo ocorrida em 12 de julho de 2004.<\/strong><\/em><\/p>\n","protected":false},"excerpt":{"rendered":"<p>&nbsp; T\u00cdTULO I Da jurisdi\u00e7\u00e3o Artigo 1\u00ba -O Ava\u00ed Futebol Clube com jurisdi\u00e7\u00e3o em Florian\u00f3polis, possui seu Conselho Deliberativo, Conselho Fiscal e Diretoria executiva. \u00a7 1\u00ba &#8211; A compet\u00eancia do Conselho Deliberativo \u00e9 definida por instrumento pr\u00f3prio. \u00a7 2\u00ba &#8211; A compet\u00eancia do Conselho Fiscal \u00e9 definida por instrumento pr\u00f3prio. \u00a7 3\u00ba &#8211; A compet\u00eancia [&hellip;]<\/p>\n","protected":false},"author":1,"featured_media":0,"parent":2459,"menu_order":5,"comment_status":"open","ping_status":"open","template":"","meta":{"footnotes":""},"class_list":["post-2802","page","type-page","status-publish","hentry"],"_links":{"self":[{"href":"https:\/\/www.souavaiano.com.br\/v8\/wp-json\/wp\/v2\/pages\/2802","targetHints":{"allow":["GET"]}}],"collection":[{"href":"https:\/\/www.souavaiano.com.br\/v8\/wp-json\/wp\/v2\/pages"}],"about":[{"href":"https:\/\/www.souavaiano.com.br\/v8\/wp-json\/wp\/v2\/types\/page"}],"author":[{"embeddable":true,"href":"https:\/\/www.souavaiano.com.br\/v8\/wp-json\/wp\/v2\/users\/1"}],"replies":[{"embeddable":true,"href":"https:\/\/www.souavaiano.com.br\/v8\/wp-json\/wp\/v2\/comments?post=2802"}],"version-history":[{"count":5,"href":"https:\/\/www.souavaiano.com.br\/v8\/wp-json\/wp\/v2\/pages\/2802\/revisions"}],"predecessor-version":[{"id":2804,"href":"https:\/\/www.souavaiano.com.br\/v8\/wp-json\/wp\/v2\/pages\/2802\/revisions\/2804"}],"up":[{"embeddable":true,"href":"https:\/\/www.souavaiano.com.br\/v8\/wp-json\/wp\/v2\/pages\/2459"}],"wp:attachment":[{"href":"https:\/\/www.souavaiano.com.br\/v8\/wp-json\/wp\/v2\/media?parent=2802"}],"curies":[{"name":"wp","href":"https:\/\/api.w.org\/{rel}","templated":true}]}}